{"id":24,"date":"2024-10-21T20:28:23","date_gmt":"2024-10-21T20:28:23","guid":{"rendered":"https:\/\/productionary.ai\/?page_id=24"},"modified":"2025-01-21T09:29:01","modified_gmt":"2025-01-21T09:29:01","slug":"industries","status":"publish","type":"page","link":"https:\/\/productionary.ai\/de\/industries\/","title":{"rendered":"Branchen"},"content":{"rendered":"<div class=\"wp-block-group is-layout-constrained wp-container-core-group-is-layout-fa1e2542 wp-block-group-is-layout-constrained\" style=\"margin-top:0;margin-bottom:0;padding-top:var(--wp--preset--spacing--50);padding-right:0;padding-bottom:var(--wp--preset--spacing--50);padding-left:0\">\n<h2 class=\"wp-block-heading has-x-large-font-size\">Wem k\u00f6nnen wir helfen und wer passt zu uns?<\/h2>\n\n\n\n<div class=\"wp-block-columns is-layout-flex wp-container-core-columns-is-layout-2d7698b3 wp-block-columns-is-layout-flex\" style=\"padding-right:0;padding-left:0\">\n<div class=\"wp-block-column is-layout-flow wp-block-column-is-layout-flow\">\n<div class=\"wp-block-group is-layout-constrained wp-block-group-is-layout-constrained\">\n<p>Sie sind ein Unternehmen mit kleinen bis mittleren Losgr\u00f6\u00dfen in der Fertigung (bis hin zur Einzelfertigung\/ Losgr\u00f6\u00dfe eins).<\/p>\n\n\n\n<p>Ihr Produktionsablauf besteht aus mehreren Produktionsschritten, die u.a. manuell \u00fcber verschiedene Inseln abgewickelt werden.<\/p>\n\n\n\n<p>Sie stellen eine Vielzahl unterschiedlicher Bauteile her, ordnen sich im Bereich der Auftragsfertigung oder der kundenspezifischen Fertigung ein.<\/p>\n\n\n\n<p>Ihr Erfolg auf dem Shopfloor h\u00e4ngt von Ihrer Flexibilit\u00e4t, regelm\u00e4\u00dfigen Abstimmungen sowie einer effizienten Auftragssteuerung \u00fcber verschiedene Produktionsrouten ab.<\/p>\n\n\n\n<p>Ihre Ressourcen auf dem Shopfloor sind begrenzt \u2013 sowohl in Bezug auf Mitarbeiter als auch auf den Maschinenpark.<\/p>\n\n\n\n<p>Schwankende Nachfrage, Personalmangel und eine hohe Variantenvielfalt f\u00fchren dazu, dass Sie kontinuierlich nach digitalen Assistenzl\u00f6sungen suchen. Mit dem Ziel, mehr Transparenz und klare Abl\u00e4ufe im Tagesgesch\u00e4ft zu schaffen.\nAktuelle Softwarel\u00f6sungen sind f\u00fcr Ihre Bed\u00fcrfnisse jedoch zu komplex, starr und teuer.<\/p>\n\n\n\n<p>Sie w\u00fcnschen sich ein zentrales System, das Ihre Aktivit\u00e4ten auf dem Shopfloor einfach erfasst, analysiert und digital unterst\u00fctzt. Daraus k\u00f6nnen Sie Verbesserungspotentiale in den Produktionsabl\u00e4ufen erkennen und nutzen.<\/p>\n\n\n\n<h3 class=\"wp-block-heading\">Klingt gut? Dann lassen Sie uns <a href=\"https:\/\/productionary.ai\/de\/contact\/\" data-type=\"page\" data-id=\"368\">sprechen<\/a>!<\/h3>\n<\/div>\n<\/div>\n\n\n\n<div class=\"wp-block-column is-layout-flow wp-block-column-is-layout-flow\" style=\"flex-basis:550px\">\n<figure class=\"wp-block-image alignright size-large is-resized has-custom-border is-style-rounded\"><img loading=\"lazy\" decoding=\"async\" width=\"1024\" height=\"572\" src=\"https:\/\/productionary.ai\/wp-content\/uploads\/2024\/11\/smartphones_on_shopfloor2-1024x572.jpg\" alt=\"\" class=\"wp-image-464\" style=\"border-radius:50px;width:500px\" srcset=\"https:\/\/productionary.ai\/wp-content\/uploads\/2024\/11\/smartphones_on_shopfloor2-1024x572.jpg 1024w, https:\/\/productionary.ai\/wp-content\/uploads\/2024\/11\/smartphones_on_shopfloor2-300x167.jpg 300w, https:\/\/productionary.ai\/wp-content\/uploads\/2024\/11\/smartphones_on_shopfloor2-768x429.jpg 768w, https:\/\/productionary.ai\/wp-content\/uploads\/2024\/11\/smartphones_on_shopfloor2.jpg 1376w\" sizes=\"auto, (max-width: 1024px) 100vw, 1024px\" \/><\/figure>\n\n\n\n<figure class=\"wp-block-image alignright size-large is-resized has-custom-border is-style-rounded\"><img loading=\"lazy\" decoding=\"async\" width=\"1024\" height=\"572\" src=\"https:\/\/productionary.ai\/wp-content\/uploads\/2024\/11\/smartphones_on_shopfloor-1-1024x572.jpg\" alt=\"\" class=\"wp-image-465\" style=\"border-radius:50px;width:500px\" srcset=\"https:\/\/productionary.ai\/wp-content\/uploads\/2024\/11\/smartphones_on_shopfloor-1-1024x572.jpg 1024w, https:\/\/productionary.ai\/wp-content\/uploads\/2024\/11\/smartphones_on_shopfloor-1-300x167.jpg 300w, https:\/\/productionary.ai\/wp-content\/uploads\/2024\/11\/smartphones_on_shopfloor-1-768x429.jpg 768w, https:\/\/productionary.ai\/wp-content\/uploads\/2024\/11\/smartphones_on_shopfloor-1.jpg 1376w\" sizes=\"auto, (max-width: 1024px) 100vw, 1024px\" \/><\/figure>\n<\/div>\n<\/div>\n<\/div>\n\n\n\n<p><\/p>\n\n\n\n<p><\/p>\n\n\n\n<div class=\"wp-block-group is-layout-constrained wp-container-core-group-is-layout-fa1e2542 wp-block-group-is-layout-constrained\" style=\"margin-top:0;margin-bottom:0;padding-top:var(--wp--preset--spacing--50);padding-right:0;padding-bottom:var(--wp--preset--spacing--50);padding-left:0\">\n<h2 class=\"wp-block-heading has-x-large-font-size\">Technologien und Maschinen, die unsere Kunden in der Produktion nutzen<\/h2>\n\n\n\n<div class=\"wp-block-columns is-layout-flex wp-container-core-columns-is-layout-ebfe327b wp-block-columns-is-layout-flex\" style=\"margin-top:var(--wp--preset--spacing--70);margin-bottom:var(--wp--preset--spacing--70);padding-top:0;padding-right:0;padding-bottom:0;padding-left:0\">\n<div class=\"wp-block-column is-layout-flow wp-block-column-is-layout-flow\">\n<figure class=\"wp-block-image aligncenter size-full has-custom-border is-style-rounded\"><img loading=\"lazy\" decoding=\"async\" width=\"500\" height=\"500\" src=\"https:\/\/productionary.ai\/wp-content\/uploads\/2024\/11\/tech_cnc-1.png\" alt=\"\" class=\"wp-image-451\" style=\"border-radius:40px;object-fit:cover\" srcset=\"https:\/\/productionary.ai\/wp-content\/uploads\/2024\/11\/tech_cnc-1.png 500w, https:\/\/productionary.ai\/wp-content\/uploads\/2024\/11\/tech_cnc-1-300x300.png 300w, https:\/\/productionary.ai\/wp-content\/uploads\/2024\/11\/tech_cnc-1-150x150.png 150w\" sizes=\"auto, (max-width: 500px) 100vw, 500px\" \/><\/figure>\n\n\n\n<p class=\"has-text-align-center has-ast-global-color-2-color has-text-color has-link-color has-medium-font-size wp-elements-afd7fe4c039b3419ca256089f7350d8c\"><strong>CNC-Fr\u00e4sen, -Drehen, -Schleifen, -Bohren<\/strong> etc.<\/p>\n<\/div>\n\n\n\n<div class=\"wp-block-column is-layout-flow wp-block-column-is-layout-flow\">\n<figure class=\"wp-block-image aligncenter size-full\"><img loading=\"lazy\" decoding=\"async\" width=\"500\" height=\"500\" src=\"https:\/\/productionary.ai\/wp-content\/uploads\/2024\/11\/tech_sheet_dummy-1.png\" alt=\"\" class=\"wp-image-450\" style=\"object-fit:cover\" srcset=\"https:\/\/productionary.ai\/wp-content\/uploads\/2024\/11\/tech_sheet_dummy-1.png 500w, https:\/\/productionary.ai\/wp-content\/uploads\/2024\/11\/tech_sheet_dummy-1-300x300.png 300w, https:\/\/productionary.ai\/wp-content\/uploads\/2024\/11\/tech_sheet_dummy-1-150x150.png 150w\" sizes=\"auto, (max-width: 500px) 100vw, 500px\" \/><\/figure>\n\n\n\n<p class=\"has-text-align-center has-ast-global-color-2-color has-text-color has-link-color has-medium-font-size wp-elements-4382b101b9082707cb1604993175179c\"><strong>Blech- und Rohrbearbeitung,<\/strong><br><strong>Laserschneid- und Laserschwei\u00dfen<\/strong> etc.<\/p>\n<\/div>\n\n\n\n<div class=\"wp-block-column is-layout-flow wp-block-column-is-layout-flow\">\n<figure class=\"wp-block-image aligncenter size-full\"><img loading=\"lazy\" decoding=\"async\" width=\"500\" height=\"500\" src=\"https:\/\/productionary.ai\/wp-content\/uploads\/2024\/11\/tech_rp.png\" alt=\"\" class=\"wp-image-453\" style=\"object-fit:cover\" srcset=\"https:\/\/productionary.ai\/wp-content\/uploads\/2024\/11\/tech_rp.png 500w, https:\/\/productionary.ai\/wp-content\/uploads\/2024\/11\/tech_rp-300x300.png 300w, https:\/\/productionary.ai\/wp-content\/uploads\/2024\/11\/tech_rp-150x150.png 150w\" sizes=\"auto, (max-width: 500px) 100vw, 500px\" \/><\/figure>\n\n\n\n<p class=\"has-text-align-center has-ast-global-color-2-color has-text-color has-link-color has-medium-font-size wp-elements-ffdd998c6690a52740660a600ce99c8c\"><strong>Prototypenbau, Additive Fertigung<\/strong> etc.<\/p>\n<\/div>\n\n\n\n<div class=\"wp-block-column is-layout-flow wp-block-column-is-layout-flow\">\n<figure class=\"wp-block-image aligncenter size-full\"><img loading=\"lazy\" decoding=\"async\" width=\"500\" height=\"500\" src=\"https:\/\/productionary.ai\/wp-content\/uploads\/2024\/10\/tech_moulding.png\" alt=\"\" class=\"wp-image-207\" style=\"object-fit:cover\" srcset=\"https:\/\/productionary.ai\/wp-content\/uploads\/2024\/10\/tech_moulding.png 500w, https:\/\/productionary.ai\/wp-content\/uploads\/2024\/10\/tech_moulding-300x300.png 300w, https:\/\/productionary.ai\/wp-content\/uploads\/2024\/10\/tech_moulding-150x150.png 150w\" sizes=\"auto, (max-width: 500px) 100vw, 500px\" \/><\/figure>\n\n\n\n<p class=\"has-text-align-center has-ast-global-color-2-color has-text-color has-link-color has-medium-font-size wp-elements-4b27c19ae3befade0b9cfc8b7a9b5fec\"><strong>Spritzguss,<\/strong> <strong>Vakuumgie\u00dfen<\/strong><\/p>\n<\/div>\n<\/div>\n<\/div>\n\n\n\n<p>Unsere L\u00f6sung ist Technologie-unabh\u00e4ngig und speziell f\u00fcr kleine und mittlere Fertigungsunternehmen (KMU) mit mehrstufiger Inselproduktion, manuellen Zwischenschritten und komplexen Produktionsprozessen entwickelt. Mit diesen Unternehmen verfolgen wir ein gemeinsames Ziel: eine benutzerfreundliche und erschwingliche Digitalisierung, bei der in der Produktion weiterhin agil und flexibel gearbeitet werden kann, sodass man auch in Zukunft wettbewerbsf\u00e4hig ist. <\/p>\n\n\n\n<p><br>Unsere Kunden kommen aus den verschiedensten Branchen. Das reicht von individuell gefertigten, medizinischen Implantaten wie Wirbelimplantaten \u00fcber CNC-gefr\u00e4ste Statorringe, \u00fcber 3D-gedruckte Raketenantriebe und Brennkammern f\u00fcr die Luft- und Raumfahrt bis hin zu industriellen Prototypen und Kleinserien f\u00fcr die Automobilindustrie. Auch Hochleistungskomponenten wie Impeller f\u00fcr die Energie- und Motorsportbranche geh\u00f6ren dazu, um nur einige Beispiele zu nennen.<\/p>\n\n\n\n<div class=\"wp-block-group is-layout-constrained wp-container-core-group-is-layout-fa1e2542 wp-block-group-is-layout-constrained\" style=\"margin-top:0;margin-bottom:0;padding-top:var(--wp--preset--spacing--50);padding-right:0;padding-bottom:var(--wp--preset--spacing--50);padding-left:0\">\n<h2 class=\"wp-block-heading has-x-large-font-size\">Unsere Industrien.<\/h2>\n\n\n\n<div class=\"wp-block-columns is-layout-flex wp-container-core-columns-is-layout-28f84493 wp-block-columns-is-layout-flex\">\n<div class=\"wp-block-column is-layout-flow wp-block-column-is-layout-flow\">\n<figure class=\"wp-block-image aligncenter size-full is-resized\"><img loading=\"lazy\" decoding=\"async\" width=\"200\" height=\"200\" src=\"https:\/\/productionary.ai\/wp-content\/uploads\/2024\/10\/industry_areospace.png\" alt=\"\" class=\"wp-image-223\" style=\"width:150px\" srcset=\"https:\/\/productionary.ai\/wp-content\/uploads\/2024\/10\/industry_areospace.png 200w, https:\/\/productionary.ai\/wp-content\/uploads\/2024\/10\/industry_areospace-150x150.png 150w\" sizes=\"auto, (max-width: 200px) 100vw, 200px\" \/><\/figure>\n\n\n\n<p class=\"has-text-align-center has-ast-global-color-8-color has-text-color has-link-color wp-elements-976f9d4a4069960c58b99e3a80e7c475\"><strong><strong>Luft- und Raumfahrt<\/strong><\/strong><\/p>\n<\/div>\n\n\n\n<div class=\"wp-block-column is-layout-flow wp-block-column-is-layout-flow\">\n<figure class=\"wp-block-image aligncenter size-full is-resized\"><img loading=\"lazy\" decoding=\"async\" width=\"200\" height=\"200\" src=\"https:\/\/productionary.ai\/wp-content\/uploads\/2024\/10\/industry_industrial.png\" alt=\"\" class=\"wp-image-220\" style=\"width:150px\" srcset=\"https:\/\/productionary.ai\/wp-content\/uploads\/2024\/10\/industry_industrial.png 200w, https:\/\/productionary.ai\/wp-content\/uploads\/2024\/10\/industry_industrial-150x150.png 150w\" sizes=\"auto, (max-width: 200px) 100vw, 200px\" \/><\/figure>\n\n\n\n<p class=\"has-text-align-center has-ast-global-color-8-color has-text-color has-link-color wp-elements-ac893b27a4edb6b5d05ac41645685766\"><strong>Industrielle Herstellung, Konsumg\u00fcter<\/strong><\/p>\n<\/div>\n\n\n\n<div class=\"wp-block-column is-layout-flow wp-block-column-is-layout-flow\">\n<figure class=\"wp-block-image aligncenter size-full is-resized\"><img loading=\"lazy\" decoding=\"async\" width=\"200\" height=\"200\" src=\"https:\/\/productionary.ai\/wp-content\/uploads\/2024\/10\/industry_energy.png\" alt=\"\" class=\"wp-image-225\" style=\"width:150px\" srcset=\"https:\/\/productionary.ai\/wp-content\/uploads\/2024\/10\/industry_energy.png 200w, https:\/\/productionary.ai\/wp-content\/uploads\/2024\/10\/industry_energy-150x150.png 150w\" sizes=\"auto, (max-width: 200px) 100vw, 200px\" \/><\/figure>\n\n\n\n<p class=\"has-text-align-center has-ast-global-color-8-color has-text-color has-link-color wp-elements-2f857ca50dea7a3937f7ecc850b909f8\"><strong>Energie<\/strong><\/p>\n<\/div>\n\n\n\n<div class=\"wp-block-column is-layout-flow wp-block-column-is-layout-flow\">\n<figure class=\"wp-block-image aligncenter size-full is-resized\"><img loading=\"lazy\" decoding=\"async\" width=\"200\" height=\"200\" src=\"https:\/\/productionary.ai\/wp-content\/uploads\/2024\/10\/industry_medical.png\" alt=\"\" class=\"wp-image-226\" style=\"width:150px\" srcset=\"https:\/\/productionary.ai\/wp-content\/uploads\/2024\/10\/industry_medical.png 200w, https:\/\/productionary.ai\/wp-content\/uploads\/2024\/10\/industry_medical-150x150.png 150w\" sizes=\"auto, (max-width: 200px) 100vw, 200px\" \/><\/figure>\n\n\n\n<p class=\"has-text-align-center has-ast-global-color-8-color has-text-color has-link-color wp-elements-6ec19b96ee52fe7fe0aa8d0039bbddb4\"><strong>Dental- und Medizintechnik (Medtech)<\/strong><\/p>\n<\/div>\n<\/div>\n\n\n\n<div class=\"wp-block-columns is-layout-flex wp-container-core-columns-is-layout-28f84493 wp-block-columns-is-layout-flex\">\n<div class=\"wp-block-column is-layout-flow wp-block-column-is-layout-flow\">\n<figure class=\"wp-block-image aligncenter size-full is-resized\"><img loading=\"lazy\" decoding=\"async\" width=\"200\" height=\"200\" src=\"https:\/\/productionary.ai\/wp-content\/uploads\/2024\/10\/industry_defense.png\" alt=\"\" class=\"wp-image-228\" style=\"width:150px\" srcset=\"https:\/\/productionary.ai\/wp-content\/uploads\/2024\/10\/industry_defense.png 200w, https:\/\/productionary.ai\/wp-content\/uploads\/2024\/10\/industry_defense-150x150.png 150w\" sizes=\"auto, (max-width: 200px) 100vw, 200px\" \/><\/figure>\n\n\n\n<p class=\"has-text-align-center has-ast-global-color-8-color has-text-color has-link-color wp-elements-594ad385ad7ba66ccfbfa844ea4513cc\"><strong>Verteidigung<\/strong><\/p>\n<\/div>\n\n\n\n<div class=\"wp-block-column is-layout-flow wp-block-column-is-layout-flow\">\n<figure class=\"wp-block-image aligncenter size-full is-resized\"><img loading=\"lazy\" decoding=\"async\" width=\"200\" height=\"200\" src=\"https:\/\/productionary.ai\/wp-content\/uploads\/2024\/10\/industry_automotive.png\" alt=\"\" class=\"wp-image-227\" style=\"width:150px\" srcset=\"https:\/\/productionary.ai\/wp-content\/uploads\/2024\/10\/industry_automotive.png 200w, https:\/\/productionary.ai\/wp-content\/uploads\/2024\/10\/industry_automotive-150x150.png 150w\" sizes=\"auto, (max-width: 200px) 100vw, 200px\" \/><\/figure>\n\n\n\n<p class=\"has-text-align-center has-ast-global-color-8-color has-text-color has-link-color wp-elements-9116532038f01fd8335cd7293962e738\"><strong>Automobil<\/strong><\/p>\n<\/div>\n\n\n\n<div class=\"wp-block-column is-layout-flow wp-block-column-is-layout-flow\">\n<figure class=\"wp-block-image aligncenter size-full is-resized\"><img loading=\"lazy\" decoding=\"async\" width=\"200\" height=\"200\" src=\"https:\/\/productionary.ai\/wp-content\/uploads\/2024\/10\/industry_tooling.png\" alt=\"\" class=\"wp-image-229\" style=\"width:150px\" srcset=\"https:\/\/productionary.ai\/wp-content\/uploads\/2024\/10\/industry_tooling.png 200w, https:\/\/productionary.ai\/wp-content\/uploads\/2024\/10\/industry_tooling-150x150.png 150w\" sizes=\"auto, (max-width: 200px) 100vw, 200px\" \/><\/figure>\n\n\n\n<p class=\"has-text-align-center has-ast-global-color-8-color has-text-color has-link-color wp-elements-8a33c9bd86f0ef3301608649548a05cc\"><strong>Werkzeugbau<\/strong><\/p>\n<\/div>\n\n\n\n<div class=\"wp-block-column is-layout-flow wp-block-column-is-layout-flow\">\n<figure class=\"wp-block-image aligncenter size-full is-resized\"><img loading=\"lazy\" decoding=\"async\" width=\"200\" height=\"200\" src=\"https:\/\/productionary.ai\/wp-content\/uploads\/2024\/10\/industry_rnd.png\" alt=\"\" class=\"wp-image-230\" style=\"width:150px\" srcset=\"https:\/\/productionary.ai\/wp-content\/uploads\/2024\/10\/industry_rnd.png 200w, https:\/\/productionary.ai\/wp-content\/uploads\/2024\/10\/industry_rnd-150x150.png 150w\" sizes=\"auto, (max-width: 200px) 100vw, 200px\" \/><\/figure>\n\n\n\n<p class=\"has-text-align-center has-ast-global-color-8-color has-text-color has-link-color wp-elements-59657ae24aa61ebef8552813d62bfc81\"><strong>Forschung &amp; Entwicklung<\/strong><\/p>\n<\/div>\n<\/div>\n<\/div>\n\n\n\n<p><\/p>","protected":false},"excerpt":{"rendered":"<p>Who can benefit most from our solution? You are a company with small and mid-size production volume (up to batch [&hellip;]<\/p>","protected":false},"author":1,"featured_media":0,"parent":0,"menu_order":0,"comment_status":"closed","ping_status":"closed","template":"","meta":{"site-sidebar-layout":"default","site-content-layout":"","ast-site-content-layout":"","site-content-style":"default","site-sidebar-style":"default","ast-global-header-display":"","ast-banner-title-visibility":"","ast-main-header-display":"","ast-hfb-above-header-display":"","ast-hfb-below-header-display":"","ast-hfb-mobile-header-display":"","site-post-title":"disabled","ast-breadcrumbs-content":"","ast-featured-img":"","footer-sml-layout":"","theme-transparent-header-meta":"","adv-header-id-meta":"","stick-header-meta":"","header-above-stick-meta":"","header-main-stick-meta":"","header-below-stick-meta":"","astra-migrate-meta-layouts":"default","ast-page-background-enabled":"default","ast-page-background-meta":{"desktop":{"background-color":"var(--ast-global-color-4)","background-image":"","background-repeat":"repeat","background-position":"center center","background-size":"auto","background-attachment":"scroll","background-type":"","background-media":"","overlay-type":"","overlay-color":"","overlay-opacity":"","overlay-gradient":""},"tablet":{"background-color":"","background-image":"","background-repeat":"repeat","background-position":"center center","background-size":"auto","background-attachment":"scroll","background-type":"","background-media":"","overlay-type":"","overlay-color":"","overlay-opacity":"","overlay-gradient":""},"mobile":{"background-color":"","background-image":"","background-repeat":"repeat","background-position":"center center","background-size":"auto","background-attachment":"scroll","background-type":"","background-media":"","overlay-type":"","overlay-color":"","overlay-opacity":"","overlay-gradient":""}},"ast-content-background-meta":{"desktop":{"background-color":"var(--ast-global-color-5)","background-image":"","background-repeat":"repeat","background-position":"center center","background-size":"auto","background-attachment":"scroll","background-type":"","background-media":"","overlay-type":"","overlay-color":"","overlay-opacity":"","overlay-gradient":""},"tablet":{"background-color":"var(--ast-global-color-5)","background-image":"","background-repeat":"repeat","background-position":"center center","background-size":"auto","background-attachment":"scroll","background-type":"","background-media":"","overlay-type":"","overlay-color":"","overlay-opacity":"","overlay-gradient":""},"mobile":{"background-color":"var(--ast-global-color-5)","background-image":"","background-repeat":"repeat","background-position":"center center","background-size":"auto","background-attachment":"scroll","background-type":"","background-media":"","overlay-type":"","overlay-color":"","overlay-opacity":"","overlay-gradient":""}},"footnotes":""},"class_list":["post-24","page","type-page","status-publish","hentry"],"_links":{"self":[{"href":"https:\/\/productionary.ai\/de\/wp-json\/wp\/v2\/pages\/24","targetHints":{"allow":["GET"]}}],"collection":[{"href":"https:\/\/productionary.ai\/de\/wp-json\/wp\/v2\/pages"}],"about":[{"href":"https:\/\/productionary.ai\/de\/wp-json\/wp\/v2\/types\/page"}],"author":[{"embeddable":true,"href":"https:\/\/productionary.ai\/de\/wp-json\/wp\/v2\/users\/1"}],"replies":[{"embeddable":true,"href":"https:\/\/productionary.ai\/de\/wp-json\/wp\/v2\/comments?post=24"}],"version-history":[{"count":0,"href":"https:\/\/productionary.ai\/de\/wp-json\/wp\/v2\/pages\/24\/revisions"}],"wp:attachment":[{"href":"https:\/\/productionary.ai\/de\/wp-json\/wp\/v2\/media?parent=24"}],"curies":[{"name":"wp","href":"https:\/\/api.w.org\/{rel}","templated":true}]}}