{"id":28,"date":"2024-10-21T20:32:18","date_gmt":"2024-10-21T20:32:18","guid":{"rendered":"https:\/\/productionary.ai\/?page_id=28"},"modified":"2025-01-21T14:06:26","modified_gmt":"2025-01-21T14:06:26","slug":"solution","status":"publish","type":"page","link":"https:\/\/productionary.ai\/de\/solution\/","title":{"rendered":"Unsere L\u00f6sung"},"content":{"rendered":"<div class=\"wp-block-group is-layout-constrained wp-container-core-group-is-layout-327bf618 wp-block-group-is-layout-constrained\" style=\"padding-top:var(--wp--preset--spacing--50);padding-right:0;padding-bottom:var(--wp--preset--spacing--50);padding-left:0\">\n<h2 class=\"wp-block-heading has-x-large-font-size\">Wir denken anders.<\/h2>\n\n\n\n<p>Unser Ziel ist es, die <mark style=\"background-color:rgba(0, 0, 0, 0)\" class=\"has-inline-color has-ast-global-color-7-color\">Digitalisierung <\/mark>in der Fertigungsbranche f\u00fcr kleine und mittelst\u00e4ndische Unternehmen (KMUs) zug\u00e4nglich, erschwinglich und intuitiv nutzbar zu machen.<strong> <\/strong>Aus diesem Grund haben wir eine neuartige Produktionsmanagement- und Shopfloor-Software  entwickelt: \"Holothread\"<br><br>Mit <strong>\"Holothread\"<\/strong> war es noch nie einfacher, Aktivit\u00e4ten auf Ihrem Shopfloor in Echtzeit<strong> <\/strong>zu verwalten, zu priorisieren und nachzuverfolgen. <br>Alle relevanten Informationen sind zentral an einem Ort in Echtzeit verf\u00fcgbar.<\/p>\n\n\n\n<h2 class=\"wp-block-heading has-x-large-font-size\">Bilder sagen mehr als Worte.<\/h2>\n\n\n\n<p><mark style=\"background-color:rgba(0, 0, 0, 0)\" class=\"has-inline-color has-ast-global-color-7-color\">Klare Visualisierung<\/mark> und <mark style=\"background-color:rgba(0, 0, 0, 0)\" class=\"has-inline-color has-ast-global-color-7-color\">Bedienfreundlichkeit <\/mark>sind der Schl\u00fcssel zu einer zukunftssicheren und rentablen Digitalisierung. \nStudien zeigen immer wieder: Informationen werden besser im Gehirn gespeichert, wenn sie visuell dargestellt werden. Wir nutzen diesen einzigartigen Ansatz durchweg, um Ihre Abl\u00e4ufe auf dem Shopfloor so effizient wie m\u00f6glich zu halten.<\/p>\n<\/div>\n\n\n\n<div class=\"wp-block-group is-layout-constrained wp-container-core-group-is-layout-481dc8fc wp-block-group-is-layout-constrained\" style=\"margin-top:0;margin-bottom:0;padding-top:0;padding-right:0;padding-bottom:0;padding-left:0\">\n<figure class=\"wp-block-image aligncenter size-large has-custom-border is-style-default\"><img loading=\"lazy\" decoding=\"async\" width=\"1024\" height=\"576\" src=\"https:\/\/productionary.ai\/wp-content\/uploads\/2024\/10\/our_magic-1-1024x576.jpg\" alt=\"\" class=\"wp-image-304\" style=\"border-radius:100px\" srcset=\"https:\/\/productionary.ai\/wp-content\/uploads\/2024\/10\/our_magic-1-1024x576.jpg 1024w, https:\/\/productionary.ai\/wp-content\/uploads\/2024\/10\/our_magic-1-300x169.jpg 300w, https:\/\/productionary.ai\/wp-content\/uploads\/2024\/10\/our_magic-1-768x432.jpg 768w, https:\/\/productionary.ai\/wp-content\/uploads\/2024\/10\/our_magic-1-1536x864.jpg 1536w, https:\/\/productionary.ai\/wp-content\/uploads\/2024\/10\/our_magic-1.jpg 1920w\" sizes=\"auto, (max-width: 1024px) 100vw, 1024px\" \/><\/figure>\n\n\n\n<h2 class=\"wp-block-heading has-x-large-font-size\" style=\"margin-top:var(--wp--preset--spacing--60);margin-bottom:var(--wp--preset--spacing--60)\">Ihr Nutzen durch den Einsatz der \"Holothread\" Software.<\/h2>\n\n\n\n<div class=\"wp-block-columns alignwide is-layout-flex wp-container-core-columns-is-layout-1a3f87fd wp-block-columns-is-layout-flex\" style=\"margin-top:0;margin-bottom:0;padding-top:0;padding-bottom:0\">\n<div class=\"wp-block-column has-text-color has-background has-link-color wp-elements-6c36cdabf78cf22ce73877991f9b54ba is-layout-flow wp-container-core-column-is-layout-0b1367b9 wp-block-column-is-layout-flow\" style=\"color:#000000;background-color:#e3fcff;padding-top:0em;padding-right:0em;padding-bottom:0em;padding-left:0em\">\n<div class=\"wp-block-media-text alignwide is-vertically-aligned-center has-background has-large-font-size\" style=\"background-color:#c4f5ff;margin-top:0;margin-right:0;margin-bottom:0;margin-left:0;padding-top:0;padding-right:var(--wp--preset--spacing--50);padding-bottom:0;padding-left:var(--wp--preset--spacing--50);grid-template-columns:21% auto\"><figure class=\"wp-block-media-text__media\"><img loading=\"lazy\" decoding=\"async\" width=\"200\" height=\"200\" src=\"https:\/\/productionary.ai\/wp-content\/uploads\/2024\/11\/icon_efficiency.png\" alt=\"\" class=\"wp-image-406 size-full\" srcset=\"https:\/\/productionary.ai\/wp-content\/uploads\/2024\/11\/icon_efficiency.png 200w, https:\/\/productionary.ai\/wp-content\/uploads\/2024\/11\/icon_efficiency-150x150.png 150w\" sizes=\"auto, (max-width: 200px) 100vw, 200px\" \/><\/figure><div class=\"wp-block-media-text__content\">\n<p style=\"margin-top:var(--wp--preset--spacing--50);margin-bottom:var(--wp--preset--spacing--50);font-size:26px\"><strong>H\u00f6here Effizienz.<\/strong><\/p>\n<\/div><\/div>\n\n\n\n<ul style=\"margin-top:var(--wp--preset--spacing--50);margin-right:var(--wp--preset--spacing--50);margin-bottom:var(--wp--preset--spacing--50);margin-left:var(--wp--preset--spacing--50)\" class=\"wp-block-list has-normal-font-size\">\n<li>H\u00f6here Ausbringung bei gleichem Setup.<\/li>\n\n\n\n<li>Verbesserte Gesamtanlageneffektivit\u00e4t (OEE)<\/li>\n\n\n\n<li>Zeitersparnis im Alltag durch einzigartige, intuitive Visualisierung der Shopfloor-Aktivit\u00e4ten.<\/li>\n\n\n\n<li>Klare Priorit\u00e4ten und Effizienzsteigerung durch \"Holothread\" als zentrale Softwarel\u00f6sung am Shopfloor.<\/li>\n<\/ul>\n<\/div>\n\n\n\n<div class=\"wp-block-column has-text-color has-background has-link-color wp-elements-4d6d2ee66bbb50b1181685d7b8d007d4 is-layout-flow wp-block-column-is-layout-flow\" style=\"color:#000000;background-color:#d8dbff;padding-top:0em;padding-right:0em;padding-bottom:0em;padding-left:0em\">\n<div class=\"wp-block-media-text is-vertically-aligned-center has-background has-large-font-size\" style=\"background-color:#bdbfff;margin-top:0;margin-right:0;margin-bottom:0;margin-left:0;padding-top:0;padding-right:var(--wp--preset--spacing--50);padding-bottom:0;padding-left:var(--wp--preset--spacing--50);grid-template-columns:20% auto\"><figure class=\"wp-block-media-text__media\"><img loading=\"lazy\" decoding=\"async\" width=\"200\" height=\"200\" src=\"https:\/\/productionary.ai\/wp-content\/uploads\/2024\/11\/icon_up-to-date.png\" alt=\"\" class=\"wp-image-407 size-full\" srcset=\"https:\/\/productionary.ai\/wp-content\/uploads\/2024\/11\/icon_up-to-date.png 200w, https:\/\/productionary.ai\/wp-content\/uploads\/2024\/11\/icon_up-to-date-150x150.png 150w\" sizes=\"auto, (max-width: 200px) 100vw, 200px\" \/><\/figure><div class=\"wp-block-media-text__content\">\n<p class=\"has-text-align-left\" style=\"margin-top:var(--wp--preset--spacing--50);margin-bottom:var(--wp--preset--spacing--50);font-size:26px\"><strong>Immer auf dem<\/strong><br><strong>Laufenden.<\/strong><\/p>\n<\/div><\/div>\n\n\n\n<ul style=\"margin-top:var(--wp--preset--spacing--50);margin-right:var(--wp--preset--spacing--50);margin-bottom:var(--wp--preset--spacing--50);margin-left:var(--wp--preset--spacing--50)\" class=\"wp-block-list has-normal-font-size\">\n<li>T\u00e4glich Zeit sparen und sinnvolle Entscheidungen durch Echtzeit-Daten treffen.<\/li>\n\n\n\n<li>Aufdecken versteckter Kostenpotenziale in Ihrer Produktion durch ein neues Ma\u00df an Transparenz.<\/li>\n\n\n\n<li>Mit \"Holothread\" bekommen Sie automatisch einen detaillierten, digitalen roten Faden f\u00fcr Ihre Fertigungsauftr\u00e4ge und produzierten Bauteile. Das erleichtert Auditprozesse und Reklamationen. <br><\/li>\n<\/ul>\n<\/div>\n\n\n\n<div class=\"wp-block-column has-text-color has-background has-link-color wp-elements-5adf22b88e9aeea0a1e7888c707261ed is-layout-flow wp-block-column-is-layout-flow\" style=\"color:#000000;background-color:#f5c7ff;padding-top:0em;padding-right:0em;padding-bottom:0em;padding-left:0em\">\n<div class=\"wp-block-media-text is-vertically-aligned-center has-background has-large-font-size\" style=\"background-color:#eda6ff;margin-top:0;margin-right:0;margin-bottom:0;margin-left:0;padding-top:0;padding-right:var(--wp--preset--spacing--50);padding-bottom:0;padding-left:var(--wp--preset--spacing--50);grid-template-columns:20% auto\"><figure class=\"wp-block-media-text__media\"><img loading=\"lazy\" decoding=\"async\" width=\"200\" height=\"200\" src=\"https:\/\/productionary.ai\/wp-content\/uploads\/2024\/11\/icon_be_smart.png\" alt=\"\" class=\"wp-image-409 size-full\" srcset=\"https:\/\/productionary.ai\/wp-content\/uploads\/2024\/11\/icon_be_smart.png 200w, https:\/\/productionary.ai\/wp-content\/uploads\/2024\/11\/icon_be_smart-150x150.png 150w\" sizes=\"auto, (max-width: 200px) 100vw, 200px\" \/><\/figure><div class=\"wp-block-media-text__content\">\n<p class=\"has-text-align-left\" style=\"margin-top:var(--wp--preset--spacing--50);margin-bottom:var(--wp--preset--spacing--50);font-size:26px\"><strong>Clevere<\/strong><br><strong>Datennutzung.<\/strong><\/p>\n<\/div><\/div>\n\n\n\n<ul style=\"margin-top:var(--wp--preset--spacing--50);margin-right:var(--wp--preset--spacing--50);margin-bottom:var(--wp--preset--spacing--50);margin-left:var(--wp--preset--spacing--50)\" class=\"wp-block-list has-normal-font-size\">\n<li>KI braucht Daten \u2013 wir liefern die Grundlage.<\/li>\n\n\n\n<li>KI-gest\u00fctzter Ansatz: Lernen Sie aus Ihren gesammelten Daten und den vergangenen Aktivit\u00e4ten.<\/li>\n\n\n\n<li>Machen Sie Fehler in der Fertigung nur einmal.<\/li>\n\n\n\n<li>Unser intelligentes Planungswerkzeug und die flexible Auftragssteuerung unterst\u00fctzen Ihre Mitarbeiter bei der Ausf\u00fchrung.<\/li>\n\n\n\n<li>Unsere zentrale Datenbank bereitet Sie auf kommende Nachhaltigkeits- (CO\u2082-Emissionen) und R\u00fcckverfolgbarkeitsanforderungen (Material- und Energiemanagement) vor.<\/li>\n<\/ul>\n<\/div>\n<\/div>\n\n\n\n<h3 class=\"wp-block-heading has-text-align-center has-background\" style=\"border-style:none;border-width:0px;background-color:#e3e3e3;margin-top:1.25rem;margin-right:0;margin-bottom:1.25rem;margin-left:0\"><em> \"Was man nicht messen kann, <em>kann man nicht lenken<\/em>.&#8221;<\/em> - Peter Drucker<\/h3>\n\n\n\n<p><\/p>\n\n\n\n<p><\/p>\n\n\n\n<h2 class=\"wp-block-heading has-x-large-font-size\" style=\"margin-top:var(--wp--preset--spacing--60);margin-bottom:var(--wp--preset--spacing--60)\">Wichtig f\u00fcr Sie bedeutet wichtig f\u00fcr uns.<\/h2>\n\n\n\n<figure class=\"wp-block-image aligncenter size-large is-resized\"><img loading=\"lazy\" decoding=\"async\" width=\"1024\" height=\"685\" src=\"https:\/\/productionary.ai\/wp-content\/uploads\/2024\/10\/engineer-1-1024x685.jpg\" alt=\"\" class=\"wp-image-179\" style=\"width:852px;height:auto\" srcset=\"https:\/\/productionary.ai\/wp-content\/uploads\/2024\/10\/engineer-1-1024x685.jpg 1024w, https:\/\/productionary.ai\/wp-content\/uploads\/2024\/10\/engineer-1-300x201.jpg 300w, https:\/\/productionary.ai\/wp-content\/uploads\/2024\/10\/engineer-1-768x514.jpg 768w, https:\/\/productionary.ai\/wp-content\/uploads\/2024\/10\/engineer-1-1536x1027.jpg 1536w, https:\/\/productionary.ai\/wp-content\/uploads\/2024\/10\/engineer-1.jpg 1920w\" sizes=\"auto, (max-width: 1024px) 100vw, 1024px\" \/><\/figure>\n<\/div>\n\n\n\n<div class=\"wp-block-group is-layout-constrained wp-container-core-group-is-layout-481dc8fc wp-block-group-is-layout-constrained\" style=\"margin-top:0;margin-bottom:0;padding-top:0;padding-right:0;padding-bottom:0;padding-left:0\">\n<p class=\"has-text-align-center\" style=\"margin-top:var(--wp--preset--spacing--60);margin-bottom:var(--wp--preset--spacing--60);font-size:26px\">Be always a step ahead &#8211; with<strong> \"Holothread\"<\/strong><\/p>\n\n\n\n<div class=\"wp-block-buttons is-content-justification-center is-layout-flex wp-container-core-buttons-is-layout-a89b3969 wp-block-buttons-is-layout-flex\">\n<div class=\"wp-block-button\"><a class=\"wp-block-button__link has-text-align-center wp-element-button\" href=\"https:\/\/outlook.office.com\/bookwithme\/user\/2d879757de8f4b25b4e0763aa92790f5%40productionary.ai?anonymous&amp;isanonymous=true\" target=\"_blank\" rel=\"noreferrer noopener\">Kontaktieren Sie uns!<\/a><\/div>\n<\/div>\n<\/div>\n\n\n\n<p><\/p>\n\n\n\n<p><\/p>","protected":false},"excerpt":{"rendered":"<p>We think different. We want to make digitization in the manufacturing environment of small and medium enterprises (SMEs) accessible, affordable [&hellip;]<\/p>","protected":false},"author":1,"featured_media":0,"parent":0,"menu_order":0,"comment_status":"closed","ping_status":"closed","template":"","meta":{"site-sidebar-layout":"default","site-content-layout":"","ast-site-content-layout":"","site-content-style":"default","site-sidebar-style":"default","ast-global-header-display":"","ast-banner-title-visibility":"","ast-main-header-display":"","ast-hfb-above-header-display":"","ast-hfb-below-header-display":"","ast-hfb-mobile-header-display":"","site-post-title":"disabled","ast-breadcrumbs-content":"","ast-featured-img":"","footer-sml-layout":"","theme-transparent-header-meta":"","adv-header-id-meta":"","stick-header-meta":"","header-above-stick-meta":"","header-main-stick-meta":"","header-below-stick-meta":"","astra-migrate-meta-layouts":"default","ast-page-background-enabled":"default","ast-page-background-meta":{"desktop":{"background-color":"var(--ast-global-color-4)","background-image":"","background-repeat":"repeat","background-position":"center center","background-size":"auto","background-attachment":"scroll","background-type":"","background-media":"","overlay-type":"","overlay-color":"","overlay-opacity":"","overlay-gradient":""},"tablet":{"background-color":"","background-image":"","background-repeat":"repeat","background-position":"center center","background-size":"auto","background-attachment":"scroll","background-type":"","background-media":"","overlay-type":"","overlay-color":"","overlay-opacity":"","overlay-gradient":""},"mobile":{"background-color":"","background-image":"","background-repeat":"repeat","background-position":"center center","background-size":"auto","background-attachment":"scroll","background-type":"","background-media":"","overlay-type":"","overlay-color":"","overlay-opacity":"","overlay-gradient":""}},"ast-content-background-meta":{"desktop":{"background-color":"var(--ast-global-color-5)","background-image":"","background-repeat":"repeat","background-position":"center center","background-size":"auto","background-attachment":"scroll","background-type":"","background-media":"","overlay-type":"","overlay-color":"","overlay-opacity":"","overlay-gradient":""},"tablet":{"background-color":"var(--ast-global-color-5)","background-image":"","background-repeat":"repeat","background-position":"center center","background-size":"auto","background-attachment":"scroll","background-type":"","background-media":"","overlay-type":"","overlay-color":"","overlay-opacity":"","overlay-gradient":""},"mobile":{"background-color":"var(--ast-global-color-5)","background-image":"","background-repeat":"repeat","background-position":"center center","background-size":"auto","background-attachment":"scroll","background-type":"","background-media":"","overlay-type":"","overlay-color":"","overlay-opacity":"","overlay-gradient":""}},"footnotes":""},"class_list":["post-28","page","type-page","status-publish","hentry"],"_links":{"self":[{"href":"https:\/\/productionary.ai\/de\/wp-json\/wp\/v2\/pages\/28","targetHints":{"allow":["GET"]}}],"collection":[{"href":"https:\/\/productionary.ai\/de\/wp-json\/wp\/v2\/pages"}],"about":[{"href":"https:\/\/productionary.ai\/de\/wp-json\/wp\/v2\/types\/page"}],"author":[{"embeddable":true,"href":"https:\/\/productionary.ai\/de\/wp-json\/wp\/v2\/users\/1"}],"replies":[{"embeddable":true,"href":"https:\/\/productionary.ai\/de\/wp-json\/wp\/v2\/comments?post=28"}],"version-history":[{"count":0,"href":"https:\/\/productionary.ai\/de\/wp-json\/wp\/v2\/pages\/28\/revisions"}],"wp:attachment":[{"href":"https:\/\/productionary.ai\/de\/wp-json\/wp\/v2\/media?parent=28"}],"curies":[{"name":"wp","href":"https:\/\/api.w.org\/{rel}","templated":true}]}}