{"id":3,"date":"2024-07-23T18:03:53","date_gmt":"2024-07-23T18:03:53","guid":{"rendered":"https:\/\/productionary.io\/?page_id=3"},"modified":"2025-08-07T11:28:24","modified_gmt":"2025-08-07T11:28:24","slug":"privacy","status":"publish","type":"page","link":"https:\/\/productionary.ai\/de\/privacy\/","title":{"rendered":"Datenschutzerkl\u00e4rung"},"content":{"rendered":"<h2 class=\"wp-block-heading has-x-large-font-size\">Datenschutzerkl\u00e4rung<\/h2>\n\n\n\n<p>Wir freuen uns \u00fcber Ihr Interesse an unserem Unternehmen und dem Besuch unserer Website. Der Schutz Ihrer personenbezogenen Daten ist uns ein wichtiges Anliegen. Nachfolgend informieren wir Sie dar\u00fcber, welche Daten wir im Rahmen unserer Website und der gesch\u00e4ftlichen Kommunikation verarbeiten, insbesondere im B2B-Kontext, und welche Rechte Ihnen dabei zustehen.<\/p>\n\n\n\n<p><strong>Verantwortlicher<\/strong><\/p>\n\n\n\n<p>PRODUCTIONARY GmbH<br>Hedderichstr. 102<br>60596 Frankfurt am Main<br>Telefon: +49 151 75094133<br>E-Mail: <a href=\"mailto:privacy@productionary.ai\">privacy@productionary.ai<\/a><br>Website: <a href=\"https:\/\/productionary.ai\/de\/\">www.productionary.ai<\/a><\/p>\n\n\n\n<p>Verantwortlicher ist die nat\u00fcrliche oder juristische Person, die allein oder gemeinsam mit anderen \u00fcber die Zwecke und Mittel der Verarbeitung von personenbezogenen Daten entscheidet.<\/p>\n\n\n\n<p><strong>Allgemeines zur Datenverarbeitung<\/strong><\/p>\n\n\n\n<p>Diese Datenschutzerkl\u00e4rung beschreibt, wie wir Ihre personenbezogenen Daten bei Nutzung unserer Website erfassen, verwenden und weitergeben. Auf diese Weise m\u00f6chten wir Sie \u00fcber unsere Verarbeitungsvorg\u00e4nge informieren und unseren gesetzlichen Pflichten, insbesondere aus der EU-Datenschutz-Grundverordnung (DSGVO), nachkommen<\/p>\n\n\n\n<p><strong>Umfang der Datenverarbeitung<\/strong><\/p>\n\n\n\n<p>Wir verarbeiten personenbezogene Daten ausschlie\u00dflich im Rahmen der gesetzlichen Bestimmungen, insbesondere gem\u00e4\u00df der Datenschutz-Grundverordnung (DSGVO), dem Bundesdatenschutzgesetz (BDSG) sowie dem Telekommunikation-Telemedien-Datenschutz-Gesetz (TTDSG). Da wir ausschlie\u00dflich Gesch\u00e4ftsbeziehungen mit Unternehmen (B2B) pflegen, beschr\u00e4nkt sich die Verarbeitung personenbezogener Daten in der Regel auf die Daten von Ansprechpartner: innen in den jeweiligen Firmen.<\/p>\n\n\n\n<p><strong>Datensicherheit<\/strong><\/p>\n\n\n\n<p>Wir setzen angemessene technische und organisatorische Ma\u00dfnahmen ein, um Ihre Daten vor Manipulation, Verlust, Zerst\u00f6rung oder unbefugtem Zugriff zu sch\u00fctzen. Dabei ber\u00fccksichtigen wir den Stand der Technik, die Implementierungskosten sowie Art, Umfang, Kontext und Zweck der Verarbeitung. Zudem bewerten wir regelm\u00e4\u00dfig die Risiken einer m\u00f6glichen Datenpanne, einschlie\u00dflich deren Wahrscheinlichkeit und Auswirkungen. Unsere Sicherheitsma\u00dfnahmen werden kontinuierlich an den technologischen Fortschritt angepasst. Unsere Webseite nutzt aus Sicherheitsgr\u00fcnden und zum Schutz der \u00dcbertragung vertraulicher Inhalte, die etwa Sie an uns als Seitenbetreiber senden, eine SSL-bzw. TLS-Verschl\u00fcsselung. Wenn die SSL- bzw. TLS-Verschl\u00fcsselung aktiviert ist, k\u00f6nnen die Daten, die Sie an uns \u00fcbermitteln, nicht von Dritten mitgelesen werden.<\/p>\n\n\n\n<p><strong>Ihre Rechte<\/strong><\/p>\n\n\n\n<p>Sie haben gegen\u00fcber uns die folgenden Rechte hinsichtlich der Sie betreffenden personenbezogenen Daten:<\/p>\n\n\n\n<ul class=\"wp-block-list\">\n<li>das Recht auf Auskunft \u00fcber die gespeicherten Daten (Art.\u202f15 DSGVO)<\/li>\n\n\n\n<li>das Recht zur Berichtigung unzutreffender Daten (Art.\u202f16 DSGVO)<\/li>\n\n\n\n<li>das Recht auf L\u00f6schung (Art.\u202f17 DSGVO)<\/li>\n\n\n\n<li>das Recht auf Einschr\u00e4nkung der Verarbeitung (Art.\u202f18 DSGVO)<\/li>\n\n\n\n<li>das Recht auf Daten\u00fcbertragbarkeit (Art.\u202f20 DSGVO)<\/li>\n\n\n\n<li>das Recht auf Widerspruch gegen die Verarbeitung (Art.\u202f21 DSGVO)<\/li>\n\n\n\n<li>das Recht auf Schutz vor automatisierten Entscheidungen (Art. 22 DSGVO)<\/li>\n\n\n\n<li>das Recht auf Widerruf der datenschutzrechtlichen Einwilligungserkl\u00e4rung \n(Art.\u202f7 Abs.\u202f3 DSGVO)<\/li>\n\n\n\n<li>(Art. 7 para. 3 GDPR)<\/li>\n\n\n\n<li>das Recht auf Beschwerde bei einer Datenschutzaufsichtsbeh\u00f6rde \n(Art.\u202f77 DSGVO)<\/li>\n\n\n\n<li>(Art. 77 GDPR)<\/li>\n<\/ul>\n\n\n\n<p>Um Ihre oben genannten Rechte auszu\u00fcben, senden Sie uns gerne eine E-Mail: <a href=\"mailto:info@productionary.ai\">info@productionary.ai<\/a><\/p>\n\n\n\n<p><strong>Widerspruch oder Widerruf gegen die Datenverarbeitung<\/strong><\/p>\n\n\n\n<p>Wenn Sie der Verarbeitung Ihrer Daten zugestimmt haben, k\u00f6nnen Sie diese Einwilligung jederzeit widerrufen. Der Widerruf gilt ab dem Zeitpunkt, an dem Sie ihn uns mitteilen, und betrifft die zuk\u00fcnftige Verarbeitung Ihrer Daten. Die Rechtm\u00e4\u00dfigkeit der Verarbeitung Ihrer Daten bis zu Ihrem Widerruf bleibt davon unber\u00fchrt.<\/p>\n\n\n\n<p>Wenn wir Ihre personenbezogenen Daten auf Grundlage einer Interessenabw\u00e4gung verarbeiten, k\u00f6nnen Sie dieser Verarbeitung widersprechen. Eine Interessenabw\u00e4gung nehmen wir insbesondere vor, wenn wir Ihre Daten im \u00f6ffentlichen Interesse oder auf Grundlage unserer berechtigten Interessen verarbeiten. Bitte teilen Sie uns in Ihrem Widerspruch die Gr\u00fcnde mit, warum Sie die Verarbeitung Ihrer Daten in der bisherigen Form ablehnen. Wir pr\u00fcfen Ihren Widerspruch und werden entweder die Verarbeitung einstellen bzw. anpassen, oder Ihnen unsere zwingenden Gr\u00fcnde darlegen, die eine Fortf\u00fchrung der Verarbeitung rechtfertigen.<\/p>\n\n\n\n<p>Fortf\u00fchrung der Verarbeitung rechtfertigen.\nSelbstverst\u00e4ndlich k\u00f6nnen Sie der Verarbeitung Ihrer personenbezogenen Daten f\u00fcr Zwecke der Werbung und Datenanalyse jederzeit widersprechen.<\/p>\n\n\n\n<p><strong>Speicherdauer Ihrer personenbezogenen Daten<\/strong><\/p>\n\n\n\n<p>Sofern in dieser Datenschutzerkl\u00e4rung keine abweichenden Speicherfristen genannt sind, speichern wir Ihre personenbezogenen Daten nur so lange, wie es f\u00fcr den jeweiligen Zweck erforderlich ist. Werden Ihre Daten nicht mehr ben\u00f6tigt, l\u00f6schen wir sie \u2013 es sei denn, gesetzliche Vorschriften (z.\u202fB. steuer- oder handelsrechtliche Aufbewahrungsfristen) verpflichten uns zur weiteren Speicherung. In diesem Fall erfolgt die L\u00f6schung nach Ablauf dieser Fristen. Wenn Sie Ihre Einwilligung widerrufen oder der Verarbeitung widersprechen, l\u00f6schen wir Ihre Daten ebenfalls, sofern keine anderweitige rechtliche Grundlage f\u00fcr die Speicherung besteht.<\/p>\n\n\n\n<p><strong>Datenverarbeitung durch Dritte<\/strong><\/p>\n\n\n\n<p>Wir beauftragen ggf. externe Dienstleister mit der Verarbeitung Ihrer Daten, z.B. Dienstleister f\u00fcr den Betrieb der Website, f\u00fcr die Verarbeitung von Daten. Diese Dienstleister w\u00e4hlen wir sorgf\u00e4ltig aus, binden sie an unsere Weisungen und kontrollieren sie regelm\u00e4\u00dfig.<\/p>\n\n\n\n<p>Rechtsgrundlage f\u00fcr die Beauftragung externer Dienstleister ist dann Art. 6 Abs. 1 S. 1 lit. b oder lit. f DSGVO bzw., soweit eine Einwilligung abgefragt wurde, Ihre Einwilligung gem. Art. 6 Abs. 1 S. 1 lit. a DSGVO. Sie k\u00f6nnen Ihre Einwilligung jederzeit widerrufen.<\/p>\n\n\n\n<p><strong>Verarbeitung personenbezogener Daten beim Besuch unserer Website<\/strong><\/p>\n\n\n\n<p>Bei der rein informatorischen Nutzung unserer Website, also wenn Sie unsere Website besuchen, ohne sich zu registrieren oder uns anderweitig Informationen zu \u00fcbermitteln, erfassen wir automatisch die folgenden personenbezogenen Daten, die Ihr Browser an unseren Server \u00fcbermittelt:<\/p>\n\n\n\n<ul class=\"wp-block-list\">\n<li>Ihre IP-Adresse,<\/li>\n\n\n\n<li>Datum und Uhrzeit der Anfrage,<\/li>\n\n\n\n<li>Zeitzonendifferenz zur Greenwich Mean Time (GMT),<\/li>\n\n\n\n<li>Webseiten, die von Ihrem System \u00fcber unsere Webseite aufgerufen werden,<\/li>\n\n\n\n<li>Zugriffsstatus\/HTTP-Statuscode,<\/li>\n\n\n\n<li>\u00fcbertragene Datenmenge,<\/li>\n\n\n\n<li>Webseiten, von denen Ihr System auf unsere Website gelangt,<\/li>\n\n\n\n<li>Standortdaten, einschlie\u00dflich Standortdaten von Ihrem Mobilger\u00e4t,<\/li>\n\n\n\n<li>Informationen \u00fcber den Browsertyp sowie Sprache und Version der Browsersoftware, sowie<\/li>\n\n\n\n<li>Ihr Betriebssystem.<\/li>\n<\/ul>\n\n\n\n<p>Diese Daten sind technisch notwendig, um Ihnen unsere Website anzuzeigen und die Stabilit\u00e4t und Sicherheit des Systems zu gew\u00e4hrleisten.<\/p>\n\n\n\n<p>Rechtsgrundlage f\u00fcr die Verarbeitung der genannten Daten ist Art. 6 Abs. 1 S. 1 lit. f DSGVO. Unser berechtigtes Interesse besteht in der Bereitstellung einer funktionalen und sicheren Website.<\/p>\n\n\n\n<p><strong>Hinweis zur \u00dcbermittlung von Daten in die USA und andere Drittl\u00e4nder<\/strong><\/p>\n\n\n\n<p>Auf unserer Website kommen auch Dienste von Anbietern mit Sitz in den USA oder anderen L\u00e4ndern au\u00dferhalb der EU zum Einsatz, in denen kein dem europ\u00e4ischen Datenschutz entsprechendes Schutzniveau besteht. Wenn diese Dienste aktiv sind, kann es vorkommen, dass personenbezogene Daten in diese L\u00e4nder \u00fcbermittelt und dort verarbeitet werden.<\/p>\n\n\n\n<p>Bitte beachten Sie: In einigen dieser L\u00e4nder \u2013 insbesondere in den USA \u2013 haben staatliche Stellen unter bestimmten Umst\u00e4nden Zugriff auf personenbezogene Daten, ohne dass Betroffene hier wirksam dagegen vorgehen k\u00f6nnen. Es besteht daher das Risiko, dass Ihre Daten von US-Beh\u00f6rden zu \u00dcberwachungszwecken gespeichert oder ausgewertet werden. Auf diese Vorg\u00e4nge haben wir keinen Einfluss.<\/p>\n\n\n\n<p><strong>Hosting<\/strong><\/p>\n\n\n\n<p>Anbieter ist Hetzner Online GmbH, Industriestr. 25, 91710 Gunzenhausen, Germany. Details zu den vom Anbieter vorgenommenen Datenverarbeitungen finden Sie in der Datenschutzerkl\u00e4rung des Anbieters: <a href=\"https:\/\/www.hetzner.com\/de\/unternehmen\/zertifizierung\/\">https:\/\/www.hetzner.com\/de\/unternehmen\/zertifizierung\/<\/a><br>Beim  Besuch unserer Website werden automatisch Daten durch unseren Hostinganbieter erfasst, z.\u202fB.:<br>\u2013 IP-Adresse<br>\u2013 Datum und Uhrzeit der Anfrage<br>\u2013 Browsertyp und -version<br>\u2013 Betriebssystem<br>\u2013 Referrer URL<br><br>Diese Daten werden ausschlie\u00dflich zur technischen Bereitstellung der Website, zur Fehleranalyse und zur Sicherstellung der Systemsicherheit verarbeitet<\/p>\n\n\n\n<p>Rechtsgrundlage f\u00fcr die Verarbeitung der genannten Daten is. Art. 6 Abs. 1 S. 1 lit. f DSGVO bzw., soweit eine Einwilligung abgefragt wurde, Ihre Einwilligung gem. Art. 6 Abs. 1 S. 1 lit. a DSGVO. Unser berechtigtes Interesse besteht in der Bereitstellung einer funktionalen und sicheren Website. Soweit eine Einwilligung abgefragt wurde, k\u00f6nnen Sie dies. jederzeit widerrufen.<\/p>\n\n\n\n<p><strong>Analyse-Tools und Tools von Drittanbietern<\/strong><\/p>\n\n\n\n<p>Beim Besuch dieser Website kann Ihr Surf-Verhalten statistisch ausgewertet werden. Das geschieht vor allem mit sogenannten Analyseprogrammen.<\/p>\n\n\n\n<p>Detaillierte Informationen zu diesen Analyseprogrammen finden Sie in der folgenden Datenschutzerkl\u00e4rung.<\/p>\n\n\n\n<p><strong>Einsatz von Google Site Kit<\/strong><\/p>\n\n\n\n<p>Wir nutzen Google Site Kit, um Dienste wie Google Analytics, Google Tag Manager und Google Search Console in unsere Website zu integrieren. Anbieter ist Google Ireland Limited, Gordon House, Barrow Street, Dublin 4, Irland.<br><br>Google verarbeitet Nutzungsdaten (z.\u202fB. IP-Adressen, Ger\u00e4teinformationen) zur Analyse und Auswertung der Website-Nutzung. Die IP-Adresse wird dabei anonymisiert. Die Verarbeitung erfolgt auf Grundlage unseres berechtigten Interesses (Art.\u202f6 Abs.\u202f1 lit.\u202ff DSGVO) an der Analyse und Optimierung unseres Webauftritts.<\/p>\n\n\n\n<p>Die Rechtsgrundlage f\u00fcr die \u00dcbermittlung in ein Land au\u00dferhalb des EWR sind Standardvertragsklauseln. Die Sicherheit der in das Drittland (d. h. ein Land au\u00dferhalb des EWR) \u00fcbermittelten Daten wird durch Standarddatenschutzklauseln gew\u00e4hrleistet, die gem\u00e4\u00df dem \u00dcberpr\u00fcfungsverfahren nach Art. 93 Abs. 2 S. 1 DSGVO (Art. 46 Abs. 2 S. 1 lit. c der DSGVO) angenommen wurden und die wir mit dem Anbieter vereinbart haben.<\/p>\n\n\n\n<p>Wir l\u00f6schen die Daten, wenn der Zweck, f\u00fcr den sie erhoben wurden, nicht mehr gilt.<\/p>\n\n\n\n<p>Weitere Informationen finden Sie in den Datenschutzbestimmungen des Anbieters unter <a href=\"https:\/\/policies.google.com\/privacy\">https:\/\/policies.google.com\/privacy<\/a><\/p>\n\n\n\n<p><strong>Terminbuchung<\/strong><\/p>\n\n\n\n<p>F\u00fcr die Online-Terminvereinbarung nutzen wir einen Dienst der Microsoft Corporation, One Microsoft Way, Redmond, WA 98052-6399, USA (z.\u202fB. Microsoft Bookings). Die Terminbuchung erfordert ggf. die Angabe gesch\u00e4ftlicher Kontaktdaten wie Name, E-Mail-Adresse und Firma.<br><br>Microsoft verarbeitet die Daten in unserem Auftrag auf Basis eines Auftragsverarbeitungsvertrags nach Art.\u202f28 DSGVO. Weitere Informationen: <a href=\"https:\/\/privacy.microsoft.com\/de-de\/privacystatement\">https:\/\/privacy.microsoft.com\/de-de\/privacystatement <\/a><\/p>\n\n\n\n<p><strong>HubSpot<\/strong><\/p>\n\n\n\n<p>Wir setzen HubSpot zur Verwaltung von Kontakten, Kundenbeziehungen und Gesch\u00e4ftsanfragen ein. Anbieter ist HubSpot Inc., 25 First Street, Cambridge, MA 02141 USA (Niederlassung: HubSpot Ireland Limited, Dublin).<br><br>Der Anbieter verarbeitet Nutzungsdaten (z.B. besuchte Webseiten, Interesse an Inhalten, Zugriffszeiten), Inhaltsdaten (z.B. Eintr\u00e4ge in Online-Formularen) und Meta-\/Kommunikationsdaten (z.B. Ger\u00e4teinformationen, IP-Adressen) in der EU.<\/p>\n\n\n\n<p>Zudem verarbeiten wir gesch\u00e4ftsbezogene personenbezogene Daten (z.\u202fB. Name, Position, gesch\u00e4ftliche E-Mail-Adresse, Telefonnummer) zur Pflege von Kundenbeziehungen und Vertriebsprozessen.<br><br>Die Datenverarbeitung erfolgt auf Grundlage von Art.\u202f6 Abs.\u202f1 lit.\u202fb und lit.\u202ff DSGVO. HubSpot agiert als Auftragsverarbeiter gem\u00e4\u00df Art.\u202f28 DSGVO. Daten\u00fcbermittlungen in die USA erfolgen auf Basis von Standardvertragsklauseln.<\/p>\n\n\n\n<p>Mehr Informationen: <a href=\"https:\/\/legal.hubspot.com\/de\/privacy-policy\">https:\/\/legal.hubspot.com\/de\/privacy-policy <\/a><\/p>\n\n\n\n<p><strong>Kontaktformular<\/strong><\/p>\n\n\n\n<p>Bei der Kontaktaufnahme \u00fcber das Kontaktformular auf unserer Website speichern wir die dort abgefragten Daten und den Inhalt der Nachricht.<\/p>\n\n\n\n<p>Die Rechtsgrundlage f\u00fcr die Verarbeitung ist unser berechtigtes Interesse an der Beantwortung der an uns gerichteten Anfragen. Die Rechtsgrundlage f\u00fcr die Verarbeitung ist daher Art. 6 Abs. 1 lit. f DSGVO.<\/p>\n\n\n\n<p>Die in diesem Zusammenhang anfallenden Daten l\u00f6schen wir, nachdem die Speicherung nicht mehr erforderlich ist, oder schr\u00e4nken die Verarbeitung ein, wenn gesetzliche Aufbewahrungspflichten bestehen. Bei der Kontaktaufnahme \u00fcber das Kontaktformular auf unserer Website speichern wir die dort abgefragten Daten und den Inhalt der Nachricht.<\/p>\n\n\n\n<p><strong>Kontaktaufnahme per E-Mail oder Telefon<\/strong><\/p>\n\n\n\n<p>Wenn Sie uns per E-Mail oder Telefon kontaktieren, speichern und verarbeiten wir Ihre Angaben \u2013 wie Name und Inhalt der Anfrage \u2013 zur Bearbeitung Ihres Anliegens. Eine Weitergabe dieser Daten erfolgt nur, wenn Sie ausdr\u00fccklich zugestimmt haben.<\/p>\n\n\n\n<p>Rechtsgrundlage f\u00fcr die Datenverarbeitung ist Art. 6 Abs. 1 lit. b DSGVO, wenn Ihre Anfrage mit einem bestehenden Vertrag zusammenh\u00e4ngt oder zur Vorbereitung eines Vertragsabschlusses dient. In allen anderen F\u00e4llen st\u00fctzen wir die Verarbeitung auf unser berechtigtes Interesse an einer effizienten Kommunikation (Art. 6 Abs. 1 lit. f DSGVO) oder auf Ihre Einwilligung (Art. 6 Abs. 1 lit. a DSGVO), sofern diese eingeholt wurde. Eine erteilte Einwilligung k\u00f6nnen Sie jederzeit widerrufen.<\/p>\n\n\n\n<p>Ihre Daten werden bei uns gespeichert, bis der Zweck der Verarbeitung entf\u00e4llt (z.\u202fB. nach abgeschlossener Bearbeitung Ihrer Anfrage), Sie uns zur L\u00f6schung auffordern oder Ihre Einwilligung widerrufen. Gesetzliche Vorgaben, wie etwa Aufbewahrungsfristen, bleiben davon unber\u00fchrt.<\/p>\n\n\n\n<p><strong>\u00c4nderungen dieser Datenschutzerkl\u00e4rung<\/strong><\/p>\n\n\n\n<p>Wir behalten uns vor, diese Datenschutzerkl\u00e4rung bei Bedarf anzupassen \u2013 insbesondere bei \u00c4nderungen rechtlicher Vorgaben oder unseres Angebots. Die jeweils aktuelle Version ist jederzeit auf unserer Website verf\u00fcgbar.<\/p>\n\n\n\n<p>Stand: 05\/2025<\/p>","protected":false},"excerpt":{"rendered":"<p>Privacy Policy Thank you for your interest in our company and for visiting our website. The protection of your personal [&hellip;]<\/p>","protected":false},"author":1,"featured_media":0,"parent":0,"menu_order":0,"comment_status":"closed","ping_status":"open","template":"","meta":{"site-sidebar-layout":"default","site-content-layout":"","ast-site-content-layout":"","site-content-style":"default","site-sidebar-style":"default","ast-global-header-display":"","ast-banner-title-visibility":"","ast-main-header-display":"","ast-hfb-above-header-display":"","ast-hfb-below-header-display":"","ast-hfb-mobile-header-display":"","site-post-title":"disabled","ast-breadcrumbs-content":"","ast-featured-img":"","footer-sml-layout":"","theme-transparent-header-meta":"","adv-header-id-meta":"","stick-header-meta":"","header-above-stick-meta":"","header-main-stick-meta":"","header-below-stick-meta":"","astra-migrate-meta-layouts":"default","ast-page-background-enabled":"default","ast-page-background-meta":{"desktop":{"background-color":"var(--ast-global-color-4)","background-image":"","background-repeat":"repeat","background-position":"center center","background-size":"auto","background-attachment":"scroll","background-type":"","background-media":"","overlay-type":"","overlay-color":"","overlay-opacity":"","overlay-gradient":""},"tablet":{"background-color":"","background-image":"","background-repeat":"repeat","background-position":"center center","background-size":"auto","background-attachment":"scroll","background-type":"","background-media":"","overlay-type":"","overlay-color":"","overlay-opacity":"","overlay-gradient":""},"mobile":{"background-color":"","background-image":"","background-repeat":"repeat","background-position":"center center","background-size":"auto","background-attachment":"scroll","background-type":"","background-media":"","overlay-type":"","overlay-color":"","overlay-opacity":"","overlay-gradient":""}},"ast-content-background-meta":{"desktop":{"background-color":"var(--ast-global-color-5)","background-image":"","background-repeat":"repeat","background-position":"center center","background-size":"auto","background-attachment":"scroll","background-type":"","background-media":"","overlay-type":"","overlay-color":"","overlay-opacity":"","overlay-gradient":""},"tablet":{"background-color":"var(--ast-global-color-5)","background-image":"","background-repeat":"repeat","background-position":"center center","background-size":"auto","background-attachment":"scroll","background-type":"","background-media":"","overlay-type":"","overlay-color":"","overlay-opacity":"","overlay-gradient":""},"mobile":{"background-color":"var(--ast-global-color-5)","background-image":"","background-repeat":"repeat","background-position":"center center","background-size":"auto","background-attachment":"scroll","background-type":"","background-media":"","overlay-type":"","overlay-color":"","overlay-opacity":"","overlay-gradient":""}},"footnotes":""},"class_list":["post-3","page","type-page","status-publish","hentry"],"_links":{"self":[{"href":"https:\/\/productionary.ai\/de\/wp-json\/wp\/v2\/pages\/3","targetHints":{"allow":["GET"]}}],"collection":[{"href":"https:\/\/productionary.ai\/de\/wp-json\/wp\/v2\/pages"}],"about":[{"href":"https:\/\/productionary.ai\/de\/wp-json\/wp\/v2\/types\/page"}],"author":[{"embeddable":true,"href":"https:\/\/productionary.ai\/de\/wp-json\/wp\/v2\/users\/1"}],"replies":[{"embeddable":true,"href":"https:\/\/productionary.ai\/de\/wp-json\/wp\/v2\/comments?post=3"}],"version-history":[{"count":0,"href":"https:\/\/productionary.ai\/de\/wp-json\/wp\/v2\/pages\/3\/revisions"}],"wp:attachment":[{"href":"https:\/\/productionary.ai\/de\/wp-json\/wp\/v2\/media?parent=3"}],"curies":[{"name":"wp","href":"https:\/\/api.w.org\/{rel}","templated":true}]}}