{"id":30,"date":"2024-10-21T20:32:34","date_gmt":"2024-10-21T20:32:34","guid":{"rendered":"https:\/\/productionary.ai\/?page_id=30"},"modified":"2025-12-09T15:42:14","modified_gmt":"2025-12-09T15:42:14","slug":"about","status":"publish","type":"page","link":"https:\/\/productionary.ai\/de\/about\/","title":{"rendered":"\u00dcber uns"},"content":{"rendered":"<div class=\"wp-block-group is-layout-constrained wp-container-core-group-is-layout-fa1e2542 wp-block-group-is-layout-constrained\" style=\"margin-top:0;margin-bottom:0;padding-top:var(--wp--preset--spacing--50);padding-right:0;padding-bottom:var(--wp--preset--spacing--50);padding-left:0\">\n<h2 class=\"wp-block-heading has-x-large-font-size\">Wir bringen kleine und mittlere Fertigungsunternehmen auf Wachstumskurs.<\/h2>\n\n\n\n<p>Jedes kleine und mittlere Fertigungsunternehmen (KMUs) ben\u00f6tigt die richtigen digitalen Werkzeuge, um zu wachsen. Um ein Unternehmen zukunftssicher aufzustellen und operative Abl\u00e4ufe schlank zu halten, ben\u00f6tigt man Software auf dem Shopfloor, die leicht zug\u00e4nglich, schnell zu erlernen und intuitiv ist.<br><br>Unsere digitalen L\u00f6sungen wurden so entwickelt, dass Sie den KMUs helfen, mit geringem Aufwand eine intelligente Datenbasis f\u00fcr ihr t\u00e4gliches Handeln zu schaffen. <br>Dabei muss die Nutzung der Software pragmatisch und wirtschaftlich bleiben. <br><br>Bei <strong>Productionary<\/strong> glauben wir nicht an Digitalisierung und Industrie 4.0, nur weil es gerade angesagt ist. Wir sind davon \u00fcberzeugt, mit unserer \"Holothread\"- L\u00f6sung Ihren Shopfloor auf ein neues Niveau zu heben. Zentral Echtzeit-Daten, benutzerfreundlich und einzigartig visualisiert. <br>Unser Ziel ist es, einen echten Mehrwert f\u00fcr Sie zu schaffen!<\/p>\n\n\n\n<h2 class=\"wp-block-heading has-x-large-font-size\">Wie kam es dazu?<\/h2>\n\n\n\n<div class=\"wp-block-columns is-layout-flex wp-container-core-columns-is-layout-28f84493 wp-block-columns-is-layout-flex\">\n<div class=\"wp-block-column is-layout-flow wp-block-column-is-layout-flow\">\n<p>Aufgewachsen mit digitalen Technologien und mit einem Jahrzehnt an Erfahrung im internationalen Fertigungsumfeld, beschlossen Nils und Benedikt, die Art und Weise, wie Digitalisierung in der Fertigung gelebt und umgesetzt wird, grundlegend zu ver\u00e4ndern.<br><br>Alles begann mit einer intensiven Diskussion w\u00e4hrend einer Messe \u00fcber aktuelle Softwarel\u00f6sungen f\u00fcr die Fertigung, deren Architektur und Benutzerfreundlichkeit.<br><br>Dabei wurde schnell klar, dass die aktuellen L\u00f6sungen auf dem Markt selten nutzerorientiert sind, oft zu gro\u00df und zu komplex gedacht werden und kaum von den Vorteilen guter Visualisierungen profitieren, wie wir sie aus dem Alltag kennen (Apps, Online-Dienste, Spiele usw.).<\/p>\n<\/div>\n\n\n\n<div class=\"wp-block-column is-layout-flow wp-block-column-is-layout-flow\" style=\"flex-basis:700px\">\n<figure class=\"wp-block-image aligncenter size-large is-resized has-custom-border is-style-rounded\"><img loading=\"lazy\" decoding=\"async\" width=\"1024\" height=\"682\" src=\"https:\/\/productionary.ai\/wp-content\/uploads\/2025\/12\/founders-1024x682.jpg\" alt=\"\" class=\"wp-image-802\" style=\"border-radius:79px;aspect-ratio:1.501447798479648;width:644px;height:auto\" srcset=\"https:\/\/productionary.ai\/wp-content\/uploads\/2025\/12\/founders-1024x682.jpg 1024w, https:\/\/productionary.ai\/wp-content\/uploads\/2025\/12\/founders-300x200.jpg 300w, https:\/\/productionary.ai\/wp-content\/uploads\/2025\/12\/founders-768x511.jpg 768w, https:\/\/productionary.ai\/wp-content\/uploads\/2025\/12\/founders-18x12.jpg 18w, https:\/\/productionary.ai\/wp-content\/uploads\/2025\/12\/founders.jpg 1478w\" sizes=\"auto, (max-width: 1024px) 100vw, 1024px\" \/><figcaption class=\"wp-element-caption\">Dr. Nils Keller (CTIO), Benedikt Ebner (CEO)<\/figcaption><\/figure>\n<\/div>\n<\/div>\n\n\n\n<p>Die Idee von <strong>Productionary <\/strong>war geboren, und wir bekamen direkt positives Feedback von potenziellen Kunden auf dem Markt zu \"Holothread\".<\/p>\n\n\n\n<p>Unser unkonventioneller Ansatz, die Leidenschaft f\u00fcr das Thema und die positiven Marktsignale haben uns best\u00e4tigt, dass wir auf dem richtigen Weg sind.<br><br>Wenn Sie Teil unserer Digitalisierungsbewegung in der Fertigung werden wollen, <a href=\"https:\/\/productionary.ai\/de\/contact\/\" data-type=\"page\" data-id=\"2\">sprechen Sie uns an<\/a>.<\/p>\n\n\n\n<h2 class=\"wp-block-heading has-x-large-font-size\">Unsere DNA.<\/h2>\n\n\n\n<div class=\"wp-block-columns is-layout-flex wp-container-core-columns-is-layout-5b704b27 wp-block-columns-is-layout-flex\" style=\"margin-top:var(--wp--preset--spacing--50);margin-bottom:var(--wp--preset--spacing--50);padding-top:0;padding-bottom:0\">\n<div class=\"wp-block-column is-layout-flow wp-block-column-is-layout-flow\">\n<p class=\"has-text-align-center has-ast-global-color-5-color has-text-color has-background has-link-color has-medium-font-size wp-elements-afd5bac2ba695daddc26e0c4bdcf4cbd\" style=\"border-radius:50px;background-color:#005b76\"><strong>Kunden stehen<\/strong><br><strong>im Fokus unseres Handelns.<\/strong><\/p>\n<\/div>\n\n\n\n<div class=\"wp-block-column is-layout-flow wp-block-column-is-layout-flow\">\n<p class=\"has-text-align-center has-ast-global-color-5-color has-text-color has-background has-link-color has-medium-font-size wp-elements-ac05ffde288d04e3e8ab495d40e8ad19\" style=\"border-radius:50px;background-color:#06007b\"><strong>Kreativit\u00e4t bringt<\/strong><br><strong>neue Perspektiven.<\/strong><\/p>\n<\/div>\n\n\n\n<div class=\"wp-block-column is-layout-flow wp-block-column-is-layout-flow\">\n<p class=\"has-text-align-center has-ast-global-color-5-color has-text-color has-background has-link-color has-medium-font-size wp-elements-7ab8fe8ad1ba7d83c4b7a0b8a5c097c7\" style=\"border-radius:50px;background-color:#460060\"><strong>Klare<br>Kommunikation.<\/strong><\/p>\n<\/div>\n<\/div>\n\n\n\n<div class=\"wp-block-columns is-layout-flex wp-container-core-columns-is-layout-7881cf8e wp-block-columns-is-layout-flex\" style=\"margin-top:var(--wp--preset--spacing--50);margin-bottom:var(--wp--preset--spacing--50);padding-top:0;padding-bottom:0\">\n<div class=\"wp-block-column is-layout-flow wp-block-column-is-layout-flow\">\n<p class=\"has-text-align-center has-ast-global-color-5-color has-text-color has-background has-link-color has-medium-font-size wp-elements-64799df3db56d6c04bf3c63ab3fa0d15\" style=\"border-radius:50px;background-color:#06007b\"><strong>Ehrlichkeit<\/strong><br><strong>w\u00e4hrt am l\u00e4ngsten.<\/strong><\/p>\n<\/div>\n\n\n\n<div class=\"wp-block-column is-layout-flow wp-block-column-is-layout-flow\">\n<p class=\"has-text-align-center has-ast-global-color-5-color has-text-color has-background has-link-color has-medium-font-size wp-elements-8a7fd9106d98d2e217a13f7884229d92\" style=\"border-radius:50px;background-color:#460060\"><strong>Dinge kurz und<\/strong><br><strong>knapp halten.<\/strong><\/p>\n<\/div>\n\n\n\n<div class=\"wp-block-column is-layout-flow wp-block-column-is-layout-flow\">\n<p class=\"has-text-align-center has-ast-global-color-5-color has-text-color has-background has-link-color has-medium-font-size wp-elements-db12d4c01cbdba71d8308d226eb3cf77\" style=\"border-radius:50px;background-color:#005b76\"><strong>Hinterfrage<\/strong><br><strong>den<\/strong> <strong>Status Quo.<\/strong><\/p>\n<\/div>\n<\/div>\n\n\n\n<p class=\"has-medium-font-size\"><\/p>\n\n\n\n<h2 class=\"wp-block-heading\">Bio.<\/h2>\n\n\n\n<p class=\"has-medium-font-size\" style=\"margin-top:0;margin-bottom:0\">Benedikt Ebner (CEO)\u2800<sup><a href=\"https:\/\/www.linkedin.com\/in\/benedikt-ebner\/\" target=\"_blank\" rel=\"noreferrer noopener\"><img loading=\"lazy\" decoding=\"async\" width=\"22\" height=\"22\" class=\"wp-image-524\" style=\"width: 22px;\" src=\"https:\/\/productionary.ai\/wp-content\/uploads\/2024\/11\/linkedin.png\" alt=\"\"><\/a><\/sup><\/p>\n\n\n\n<ul class=\"wp-block-list\">\n<li>Ehemaliger Ski-Alpin Leistungssportler<\/li>\n\n\n\n<li>Studium: Product Engineering (B.Sc.) und Innovation Management (M.A.)<\/li>\n\n\n\n<li>Rund ein Jahrzehnt in verschiedenen Positionen im technischen B2B Vertrieb in EMEA t\u00e4tig <\/li>\n\n\n\n<li>Hat eine gro\u00dfe Leidenschaft f\u00fcr Vertrieb, Marktentwicklung und Prozessoptimierungen <\/li>\n\n\n\n<li>Neben seiner Berufung f\u00e4hrt Benedikt gerne Rennrad und Ski und kreiert eigene Kunstwerke<\/li>\n<\/ul>\n\n\n\n<p><\/p>\n\n\n\n<p class=\"has-medium-font-size\" style=\"margin-top:0;margin-bottom:0\">Dr. Nils Keller (CTIO)\u2800<sup><a href=\"https:\/\/www.linkedin.com\/in\/nilskeller\/\" data-type=\"link\" data-id=\"https:\/\/www.linkedin.com\/in\/nilskeller\/\" target=\"_blank\" rel=\"noreferrer noopener\"><img loading=\"lazy\" decoding=\"async\" width=\"22\" height=\"22\" class=\"wp-image-524\" style=\"width: 22px;\" src=\"https:\/\/productionary.ai\/wp-content\/uploads\/2024\/11\/linkedin.png\" alt=\"\"><\/a><\/sup><\/p>\n\n\n\n<ul class=\"wp-block-list\">\n<li>Erfolgreicher Unternehmensgr\u00fcnder mit leidenschaftlichem Technologie-Interesse<\/li>\n\n\n\n<li>B.Sc., M.Sc., Doktor in Physik an der Universit\u00e4t Bremen<\/li>\n\n\n\n<li>Ehemaliger Gr\u00fcnder eines <a href=\"https:\/\/www.crunchbase.com\/organization\/additive-works\" target=\"_blank\" rel=\"noreferrer noopener\">3D-Druck Softwareunternehmens<\/a>, erfolgreich verkauft in 2021<\/li>\n\n\n\n<li>Softwareentwicklung geh\u00f6rt seit \u00fcber 20 Jahren zu Nils DNA<\/li>\n\n\n\n<li>Neben seiner Berufung interessiert sich Nils f\u00fcr die Astronomie, f\u00e4hrt Snowboard, entwickelt Videospiele und reist gerne<\/li>\n<\/ul>\n<\/div>\n\n\n\n<p><\/p>","protected":false},"excerpt":{"rendered":"<p>Empowering small and midsize manufacturing businesses to grow. Every small and midsize enterprise (SME) needs the right digital tools to [&hellip;]<\/p>","protected":false},"author":1,"featured_media":0,"parent":0,"menu_order":0,"comment_status":"closed","ping_status":"closed","template":"","meta":{"site-sidebar-layout":"default","site-content-layout":"","ast-site-content-layout":"","site-content-style":"default","site-sidebar-style":"default","ast-global-header-display":"","ast-banner-title-visibility":"","ast-main-header-display":"","ast-hfb-above-header-display":"","ast-hfb-below-header-display":"","ast-hfb-mobile-header-display":"","site-post-title":"disabled","ast-breadcrumbs-content":"","ast-featured-img":"","footer-sml-layout":"","theme-transparent-header-meta":"","adv-header-id-meta":"","stick-header-meta":"","header-above-stick-meta":"","header-main-stick-meta":"","header-below-stick-meta":"","astra-migrate-meta-layouts":"default","ast-page-background-enabled":"default","ast-page-background-meta":{"desktop":{"background-color":"var(--ast-global-color-4)","background-image":"","background-repeat":"repeat","background-position":"center center","background-size":"auto","background-attachment":"scroll","background-type":"","background-media":"","overlay-type":"","overlay-color":"","overlay-opacity":"","overlay-gradient":""},"tablet":{"background-color":"","background-image":"","background-repeat":"repeat","background-position":"center center","background-size":"auto","background-attachment":"scroll","background-type":"","background-media":"","overlay-type":"","overlay-color":"","overlay-opacity":"","overlay-gradient":""},"mobile":{"background-color":"","background-image":"","background-repeat":"repeat","background-position":"center center","background-size":"auto","background-attachment":"scroll","background-type":"","background-media":"","overlay-type":"","overlay-color":"","overlay-opacity":"","overlay-gradient":""}},"ast-content-background-meta":{"desktop":{"background-color":"var(--ast-global-color-5)","background-image":"","background-repeat":"repeat","background-position":"center center","background-size":"auto","background-attachment":"scroll","background-type":"","background-media":"","overlay-type":"","overlay-color":"","overlay-opacity":"","overlay-gradient":""},"tablet":{"background-color":"var(--ast-global-color-5)","background-image":"","background-repeat":"repeat","background-position":"center center","background-size":"auto","background-attachment":"scroll","background-type":"","background-media":"","overlay-type":"","overlay-color":"","overlay-opacity":"","overlay-gradient":""},"mobile":{"background-color":"var(--ast-global-color-5)","background-image":"","background-repeat":"repeat","background-position":"center center","background-size":"auto","background-attachment":"scroll","background-type":"","background-media":"","overlay-type":"","overlay-color":"","overlay-opacity":"","overlay-gradient":""}},"footnotes":""},"class_list":["post-30","page","type-page","status-publish","hentry"],"_links":{"self":[{"href":"https:\/\/productionary.ai\/de\/wp-json\/wp\/v2\/pages\/30","targetHints":{"allow":["GET"]}}],"collection":[{"href":"https:\/\/productionary.ai\/de\/wp-json\/wp\/v2\/pages"}],"about":[{"href":"https:\/\/productionary.ai\/de\/wp-json\/wp\/v2\/types\/page"}],"author":[{"embeddable":true,"href":"https:\/\/productionary.ai\/de\/wp-json\/wp\/v2\/users\/1"}],"replies":[{"embeddable":true,"href":"https:\/\/productionary.ai\/de\/wp-json\/wp\/v2\/comments?post=30"}],"version-history":[{"count":0,"href":"https:\/\/productionary.ai\/de\/wp-json\/wp\/v2\/pages\/30\/revisions"}],"wp:attachment":[{"href":"https:\/\/productionary.ai\/de\/wp-json\/wp\/v2\/media?parent=30"}],"curies":[{"name":"wp","href":"https:\/\/api.w.org\/{rel}","templated":true}]}}