{"id":624,"date":"2025-07-10T12:57:52","date_gmt":"2025-07-10T12:57:52","guid":{"rendered":"https:\/\/productionary.ai\/?page_id=624"},"modified":"2025-07-31T22:13:55","modified_gmt":"2025-07-31T22:13:55","slug":"blog","status":"publish","type":"page","link":"https:\/\/productionary.ai\/de\/blog\/","title":{"rendered":"BLOG"},"content":{"rendered":"<h3 class=\"wp-block-heading\">BLOG Articles \/ Whitepapers<\/h3>\n\n\n<ul style=\"border-style:none;border-width:0px; padding-top:0;padding-bottom:0;padding-left:0;padding-right:0;margin-top:0;margin-bottom:0;margin-left:0;margin-right:0;\" class=\"wp-block-latest-posts__list is-grid columns-3 has-dates has-author wp-block-latest-posts has-medium-font-size\"><li><div class=\"wp-block-latest-posts__featured-image\"><a href=\"https:\/\/productionary.ai\/de\/2025\/12\/09\/hardware-strategie-fur-bde-mde-so-digitalisieren-kmus-ihren-shopfloor\/\" aria-label=\"Hardware-Strategie f\u00fcr BDE\/MDE: So digitalisieren KMUs ihren Shopfloor\"><img loading=\"lazy\" decoding=\"async\" width=\"1024\" height=\"1024\" src=\"https:\/\/productionary.ai\/wp-content\/uploads\/2025\/12\/featured_11-1024x1024.jpg\" class=\"attachment-large size-large wp-post-image\" alt=\"\" style=\"\" srcset=\"https:\/\/productionary.ai\/wp-content\/uploads\/2025\/12\/featured_11-1024x1024.jpg 1024w, https:\/\/productionary.ai\/wp-content\/uploads\/2025\/12\/featured_11-300x300.jpg 300w, https:\/\/productionary.ai\/wp-content\/uploads\/2025\/12\/featured_11-150x150.jpg 150w, https:\/\/productionary.ai\/wp-content\/uploads\/2025\/12\/featured_11-768x768.jpg 768w, https:\/\/productionary.ai\/wp-content\/uploads\/2025\/12\/featured_11-1536x1536.jpg 1536w, https:\/\/productionary.ai\/wp-content\/uploads\/2025\/12\/featured_11-12x12.jpg 12w, https:\/\/productionary.ai\/wp-content\/uploads\/2025\/12\/featured_11.jpg 2000w\" sizes=\"auto, (max-width: 1024px) 100vw, 1024px\" \/><\/a><\/div><a class=\"wp-block-latest-posts__post-title\" href=\"https:\/\/productionary.ai\/de\/2025\/12\/09\/hardware-strategie-fur-bde-mde-so-digitalisieren-kmus-ihren-shopfloor\/\">Hardware-Strategie f\u00fcr BDE\/MDE: So digitalisieren KMUs ihren Shopfloor<\/a><div class=\"wp-block-latest-posts__post-author\">von Benedikt Ebner<\/div><time datetime=\"2025-12-09T15:29:35+00:00\" class=\"wp-block-latest-posts__post-date\">Dezember 9, 2025<\/time><div class=\"wp-block-latest-posts__post-excerpt\">Die korrekte Erfassung von Betriebs- und Maschinendaten (BDE\/MDE) ist der Schl\u00fcssel f\u00fcr eine verl\u00e4ssliche Produktionsplanung, transparente Kennzahlen (wie OEE) und fundierte St\u00f6rgrundanalysen. Doch oft scheitern Digitalisierungsprojekte an der falschen Hardware\u2026\u00a0<a class=\"wp-block-latest-posts__read-more\" href=\"https:\/\/productionary.ai\/de\/2025\/12\/09\/hardware-strategie-fur-bde-mde-so-digitalisieren-kmus-ihren-shopfloor\/\" rel=\"noopener noreferrer\"><span class=\"screen-reader-text\">Hardware-Strategie f\u00fcr BDE\/MDE: So digitalisieren KMUs ihren Shopfloor <\/span>weiterlesen<\/a><\/div><\/li>\n<li><div class=\"wp-block-latest-posts__featured-image\"><a href=\"https:\/\/productionary.ai\/de\/2025\/09\/05\/zu-teuer-zu-komplex-zu-gros\/\" aria-label=\"Zu teuer, zu komplex, zu gro\u00df\u2026.\"><img loading=\"lazy\" decoding=\"async\" width=\"400\" height=\"400\" src=\"https:\/\/productionary.ai\/wp-content\/uploads\/2025\/09\/featured_10.png\" class=\"attachment-large size-large wp-post-image\" alt=\"\" style=\"\" srcset=\"https:\/\/productionary.ai\/wp-content\/uploads\/2025\/09\/featured_10.png 400w, https:\/\/productionary.ai\/wp-content\/uploads\/2025\/09\/featured_10-300x300.png 300w, https:\/\/productionary.ai\/wp-content\/uploads\/2025\/09\/featured_10-150x150.png 150w, https:\/\/productionary.ai\/wp-content\/uploads\/2025\/09\/featured_10-12x12.png 12w\" sizes=\"auto, (max-width: 400px) 100vw, 400px\" \/><\/a><\/div><a class=\"wp-block-latest-posts__post-title\" href=\"https:\/\/productionary.ai\/de\/2025\/09\/05\/zu-teuer-zu-komplex-zu-gros\/\">Zu teuer, zu komplex, zu gro\u00df\u2026.<\/a><div class=\"wp-block-latest-posts__post-author\">von Benedikt Ebner<\/div><time datetime=\"2025-09-05T08:00:00+00:00\" class=\"wp-block-latest-posts__post-date\">September 5, 2025<\/time><div class=\"wp-block-latest-posts__post-excerpt\">Die fatalen Fehler der Produktions-Digitalisierung bei KMUs. Deutschlands industrielle Mitte erstickt ihre Digitalisierung oft an Overkill-Ambitionen: riesige IoT-Projekte, vollst\u00e4ndige Maschinenvernetzung von Tag 1, monolithische Plattformprojekte \u2013 und am Ende bleibt\u2026\u00a0<a class=\"wp-block-latest-posts__read-more\" href=\"https:\/\/productionary.ai\/de\/2025\/09\/05\/zu-teuer-zu-komplex-zu-gros\/\" rel=\"noopener noreferrer\"><span class=\"screen-reader-text\">Zu teuer, zu komplex, zu gro\u00df\u2026. <\/span>weiterlesen<\/a><\/div><\/li>\n<li><div class=\"wp-block-latest-posts__featured-image\"><a href=\"https:\/\/productionary.ai\/de\/2025\/08\/12\/erst-ablaufe-optimieren-dann-investieren\/\" aria-label=\"Erst Abl\u00e4ufe optimieren, dann investieren\"><img loading=\"lazy\" decoding=\"async\" width=\"400\" height=\"400\" src=\"https:\/\/productionary.ai\/wp-content\/uploads\/2025\/08\/featured_9.png\" class=\"attachment-large size-large wp-post-image\" alt=\"\" style=\"\" srcset=\"https:\/\/productionary.ai\/wp-content\/uploads\/2025\/08\/featured_9.png 400w, https:\/\/productionary.ai\/wp-content\/uploads\/2025\/08\/featured_9-300x300.png 300w, https:\/\/productionary.ai\/wp-content\/uploads\/2025\/08\/featured_9-150x150.png 150w, https:\/\/productionary.ai\/wp-content\/uploads\/2025\/08\/featured_9-12x12.png 12w\" sizes=\"auto, (max-width: 400px) 100vw, 400px\" \/><\/a><\/div><a class=\"wp-block-latest-posts__post-title\" href=\"https:\/\/productionary.ai\/de\/2025\/08\/12\/erst-ablaufe-optimieren-dann-investieren\/\">Erst Abl\u00e4ufe optimieren, dann investieren<\/a><div class=\"wp-block-latest-posts__post-author\">von Benedikt Ebner<\/div><time datetime=\"2025-08-12T08:00:00+00:00\" class=\"wp-block-latest-posts__post-date\">August 12, 2025<\/time><div class=\"wp-block-latest-posts__post-excerpt\">Warum Lohnfertiger ihre Abl\u00e4ufe optimieren m\u00fcssen, bevor sie neue Maschinen kaufen In vielen Werkshallen passiert es t\u00e4glich: Der Gesch\u00e4ftsf\u00fchrer \u00e4rgert sich \u00fcber zu lange Lieferzeiten, zu niedrige Termintreue \u2013 und\u2026\u00a0<a class=\"wp-block-latest-posts__read-more\" href=\"https:\/\/productionary.ai\/de\/2025\/08\/12\/erst-ablaufe-optimieren-dann-investieren\/\" rel=\"noopener noreferrer\"><span class=\"screen-reader-text\">Erst Abl\u00e4ufe optimieren, dann investieren <\/span>weiterlesen<\/a><\/div><\/li>\n<li><div class=\"wp-block-latest-posts__featured-image\"><a href=\"https:\/\/productionary.ai\/de\/2025\/08\/01\/warum-mes-software-oft-enttauscht\/\" aria-label=\"Warum MES-Software oft entt\u00e4uscht\"><img loading=\"lazy\" decoding=\"async\" width=\"400\" height=\"400\" src=\"https:\/\/productionary.ai\/wp-content\/uploads\/2025\/07\/featured_8.png\" class=\"attachment-large size-large wp-post-image\" alt=\"\" style=\"\" srcset=\"https:\/\/productionary.ai\/wp-content\/uploads\/2025\/07\/featured_8.png 400w, https:\/\/productionary.ai\/wp-content\/uploads\/2025\/07\/featured_8-300x300.png 300w, https:\/\/productionary.ai\/wp-content\/uploads\/2025\/07\/featured_8-150x150.png 150w, https:\/\/productionary.ai\/wp-content\/uploads\/2025\/07\/featured_8-12x12.png 12w\" sizes=\"auto, (max-width: 400px) 100vw, 400px\" \/><\/a><\/div><a class=\"wp-block-latest-posts__post-title\" href=\"https:\/\/productionary.ai\/de\/2025\/08\/01\/warum-mes-software-oft-enttauscht\/\">Warum MES-Software oft entt\u00e4uscht<\/a><div class=\"wp-block-latest-posts__post-author\">von Benedikt Ebner<\/div><time datetime=\"2025-08-01T10:00:00+00:00\" class=\"wp-block-latest-posts__post-date\">August 1, 2025<\/time><div class=\"wp-block-latest-posts__post-excerpt\">Hohe Kosten \u2013 wenig messbarer Nutzen Ein zentraler Kritikpunkt ist das schlechte Verh\u00e4ltnis zwischen Kosten und Nutzen.Die Gesamtkosten f\u00fcr ein MES setzen sich aus Lizenzgeb\u00fchren, Integrationsaufwand, individueller Anpassung und Schulungen\u2026\u00a0<a class=\"wp-block-latest-posts__read-more\" href=\"https:\/\/productionary.ai\/de\/2025\/08\/01\/warum-mes-software-oft-enttauscht\/\" rel=\"noopener noreferrer\"><span class=\"screen-reader-text\">Warum MES-Software oft entt\u00e4uscht <\/span>weiterlesen<\/a><\/div><\/li>\n<li><div class=\"wp-block-latest-posts__featured-image\"><a href=\"https:\/\/productionary.ai\/de\/2025\/07\/24\/warum-wir-unsere-fertigungsprozesse-durch-die-richtige-digitalisierung-verbessern-mussen\/\" aria-label=\"Warum wir unsere Fertigungsprozesse durch die richtige Digitalisierung verbessern m\u00fcssen\"><img loading=\"lazy\" decoding=\"async\" width=\"400\" height=\"400\" src=\"https:\/\/productionary.ai\/wp-content\/uploads\/2025\/07\/featured_7.png\" class=\"attachment-large size-large wp-post-image\" alt=\"\" style=\"\" srcset=\"https:\/\/productionary.ai\/wp-content\/uploads\/2025\/07\/featured_7.png 400w, https:\/\/productionary.ai\/wp-content\/uploads\/2025\/07\/featured_7-300x300.png 300w, https:\/\/productionary.ai\/wp-content\/uploads\/2025\/07\/featured_7-150x150.png 150w, https:\/\/productionary.ai\/wp-content\/uploads\/2025\/07\/featured_7-12x12.png 12w\" sizes=\"auto, (max-width: 400px) 100vw, 400px\" \/><\/a><\/div><a class=\"wp-block-latest-posts__post-title\" href=\"https:\/\/productionary.ai\/de\/2025\/07\/24\/warum-wir-unsere-fertigungsprozesse-durch-die-richtige-digitalisierung-verbessern-mussen\/\">Warum wir unsere Fertigungsprozesse durch die richtige Digitalisierung verbessern m\u00fcssen<\/a><div class=\"wp-block-latest-posts__post-author\">von Benedikt Ebner<\/div><time datetime=\"2025-07-24T10:00:00+00:00\" class=\"wp-block-latest-posts__post-date\">Juli 24, 2025<\/time><div class=\"wp-block-latest-posts__post-excerpt\">Die Notwendigkeit: Marktpreise sinken. Produktionskosten steigen. Das f\u00fchrt aktuell bei vielen produzierenden KMUs zum sogenannten \u201eTipping Point\u201c \u2013 dem Wendepunkt zwischen Gewinn und Verlust. Siehe Schaubild nachstehend. Die L\u00f6sung: Kontinuierliche\u2026\u00a0<a class=\"wp-block-latest-posts__read-more\" href=\"https:\/\/productionary.ai\/de\/2025\/07\/24\/warum-wir-unsere-fertigungsprozesse-durch-die-richtige-digitalisierung-verbessern-mussen\/\" rel=\"noopener noreferrer\"><span class=\"screen-reader-text\">Warum wir unsere Fertigungsprozesse durch die richtige Digitalisierung verbessern m\u00fcssen <\/span>weiterlesen<\/a><\/div><\/li>\n<li><div class=\"wp-block-latest-posts__featured-image\"><a href=\"https:\/\/productionary.ai\/de\/2024\/12\/04\/was-ist-iiot-und-welche-rolle-spielen-kommunikationsprotokolle\/\" aria-label=\"Was ist IIoT \u2013 und welche Rolle spielen Kommunikationsprotokolle?\"><img loading=\"lazy\" decoding=\"async\" width=\"400\" height=\"400\" src=\"https:\/\/productionary.ai\/wp-content\/uploads\/2024\/12\/featured_6.png\" class=\"attachment-large size-large wp-post-image\" alt=\"\" style=\"\" srcset=\"https:\/\/productionary.ai\/wp-content\/uploads\/2024\/12\/featured_6.png 400w, https:\/\/productionary.ai\/wp-content\/uploads\/2024\/12\/featured_6-300x300.png 300w, https:\/\/productionary.ai\/wp-content\/uploads\/2024\/12\/featured_6-150x150.png 150w, https:\/\/productionary.ai\/wp-content\/uploads\/2024\/12\/featured_6-12x12.png 12w\" sizes=\"auto, (max-width: 400px) 100vw, 400px\" \/><\/a><\/div><a class=\"wp-block-latest-posts__post-title\" href=\"https:\/\/productionary.ai\/de\/2024\/12\/04\/was-ist-iiot-und-welche-rolle-spielen-kommunikationsprotokolle\/\">Was ist IIoT \u2013 und welche Rolle spielen Kommunikationsprotokolle?<\/a><div class=\"wp-block-latest-posts__post-author\">von Benedikt Ebner<\/div><time datetime=\"2024-12-04T10:00:00+00:00\" class=\"wp-block-latest-posts__post-date\">Dezember 4, 2024<\/time><div class=\"wp-block-latest-posts__post-excerpt\">Die Digitalisierung und das Industrial Internet of Things (IIoT) ver\u00e4ndern die Produktion weltweit. Ein zentrales Element dabei: Kommunikationsprotokolle. Sie sorgen f\u00fcr eine sichere, schnelle und zuverl\u00e4ssige Daten\u00fcbertragung zwischen Maschinen, Sensoren,\u2026\u00a0<a class=\"wp-block-latest-posts__read-more\" href=\"https:\/\/productionary.ai\/de\/2024\/12\/04\/was-ist-iiot-und-welche-rolle-spielen-kommunikationsprotokolle\/\" rel=\"noopener noreferrer\"><span class=\"screen-reader-text\">Was ist IIoT \u2013 und welche Rolle spielen Kommunikationsprotokolle? <\/span>weiterlesen<\/a><\/div><\/li>\n<li><div class=\"wp-block-latest-posts__featured-image\"><a href=\"https:\/\/productionary.ai\/de\/2024\/10\/08\/was-ist-iiot-die-zukunft-der-produktion-einfach-erklart\/\" aria-label=\"Was ist IIoT? Die Zukunft der Produktion einfach erkl\u00e4rt.\"><img loading=\"lazy\" decoding=\"async\" width=\"400\" height=\"400\" src=\"https:\/\/productionary.ai\/wp-content\/uploads\/2024\/10\/featured_5.png\" class=\"attachment-large size-large wp-post-image\" alt=\"\" style=\"\" srcset=\"https:\/\/productionary.ai\/wp-content\/uploads\/2024\/10\/featured_5.png 400w, https:\/\/productionary.ai\/wp-content\/uploads\/2024\/10\/featured_5-300x300.png 300w, https:\/\/productionary.ai\/wp-content\/uploads\/2024\/10\/featured_5-150x150.png 150w, https:\/\/productionary.ai\/wp-content\/uploads\/2024\/10\/featured_5-12x12.png 12w\" sizes=\"auto, (max-width: 400px) 100vw, 400px\" \/><\/a><\/div><a class=\"wp-block-latest-posts__post-title\" href=\"https:\/\/productionary.ai\/de\/2024\/10\/08\/was-ist-iiot-die-zukunft-der-produktion-einfach-erklart\/\">Was ist IIoT? Die Zukunft der Produktion einfach erkl\u00e4rt.<\/a><div class=\"wp-block-latest-posts__post-author\">von Benedikt Ebner<\/div><time datetime=\"2024-10-08T10:00:00+00:00\" class=\"wp-block-latest-posts__post-date\">Oktober 8, 2024<\/time><div class=\"wp-block-latest-posts__post-excerpt\">In dieser Ausarbeitung zeigen wir Ihnen wie die Vernetzung auf dem Shopfloor funktioniert und welche Chancen sie f\u00fcr die Produktion bietet. Im Unterschied zum klassischen IoT (Internet of Things) konzentriert\u2026\u00a0<a class=\"wp-block-latest-posts__read-more\" href=\"https:\/\/productionary.ai\/de\/2024\/10\/08\/was-ist-iiot-die-zukunft-der-produktion-einfach-erklart\/\" rel=\"noopener noreferrer\"><span class=\"screen-reader-text\">Was ist IIoT? Die Zukunft der Produktion einfach erkl\u00e4rt. <\/span>weiterlesen<\/a><\/div><\/li>\n<li><div class=\"wp-block-latest-posts__featured-image\"><a href=\"https:\/\/productionary.ai\/de\/2024\/09\/09\/zukunft-der-digitalisierung-in-der-lohn-und-auftragsfertigung\/\" aria-label=\"Zukunft der Digitalisierung in der Lohn- und Auftragsfertigung\"><img loading=\"lazy\" decoding=\"async\" width=\"400\" height=\"400\" src=\"https:\/\/productionary.ai\/wp-content\/uploads\/2024\/09\/featured_4.png\" class=\"attachment-large size-large wp-post-image\" alt=\"\" style=\"\" srcset=\"https:\/\/productionary.ai\/wp-content\/uploads\/2024\/09\/featured_4.png 400w, https:\/\/productionary.ai\/wp-content\/uploads\/2024\/09\/featured_4-300x300.png 300w, https:\/\/productionary.ai\/wp-content\/uploads\/2024\/09\/featured_4-150x150.png 150w, https:\/\/productionary.ai\/wp-content\/uploads\/2024\/09\/featured_4-12x12.png 12w\" sizes=\"auto, (max-width: 400px) 100vw, 400px\" \/><\/a><\/div><a class=\"wp-block-latest-posts__post-title\" href=\"https:\/\/productionary.ai\/de\/2024\/09\/09\/zukunft-der-digitalisierung-in-der-lohn-und-auftragsfertigung\/\">Zukunft der Digitalisierung in der Lohn- und Auftragsfertigung<\/a><div class=\"wp-block-latest-posts__post-author\">von Benedikt Ebner<\/div><time datetime=\"2024-09-09T10:00:00+00:00\" class=\"wp-block-latest-posts__post-date\">September 9, 2024<\/time><div class=\"wp-block-latest-posts__post-excerpt\">Wir bei PRODUCTIONARY haben uns gefragt: Welche Faktoren treiben die Digitalisierung in der Lohn- und Auftragsfertigung voran \u2013 unabh\u00e4ngig vom Industrie-4.0-Hype? Nach Expertengespr\u00e4chen und ausf\u00fchrlichen Recherche findest du hier die\u2026\u00a0<a class=\"wp-block-latest-posts__read-more\" href=\"https:\/\/productionary.ai\/de\/2024\/09\/09\/zukunft-der-digitalisierung-in-der-lohn-und-auftragsfertigung\/\" rel=\"noopener noreferrer\"><span class=\"screen-reader-text\">Zukunft der Digitalisierung in der Lohn- und Auftragsfertigung <\/span>weiterlesen<\/a><\/div><\/li>\n<li><div class=\"wp-block-latest-posts__featured-image\"><a href=\"https:\/\/productionary.ai\/de\/2024\/08\/27\/wertstromanalyse-ablaufe-sichtbar-machen-und-digitalisierung-vorbereiten\/\" aria-label=\"Wertstromanalyse \u2013 Abl\u00e4ufe sichtbar machen und Digitalisierung vorbereiten\"><img loading=\"lazy\" decoding=\"async\" width=\"400\" height=\"400\" src=\"https:\/\/productionary.ai\/wp-content\/uploads\/2024\/08\/featured_3.png\" class=\"attachment-large size-large wp-post-image\" alt=\"\" style=\"\" srcset=\"https:\/\/productionary.ai\/wp-content\/uploads\/2024\/08\/featured_3.png 400w, https:\/\/productionary.ai\/wp-content\/uploads\/2024\/08\/featured_3-300x300.png 300w, https:\/\/productionary.ai\/wp-content\/uploads\/2024\/08\/featured_3-150x150.png 150w, https:\/\/productionary.ai\/wp-content\/uploads\/2024\/08\/featured_3-12x12.png 12w\" sizes=\"auto, (max-width: 400px) 100vw, 400px\" \/><\/a><\/div><a class=\"wp-block-latest-posts__post-title\" href=\"https:\/\/productionary.ai\/de\/2024\/08\/27\/wertstromanalyse-ablaufe-sichtbar-machen-und-digitalisierung-vorbereiten\/\">Wertstromanalyse \u2013 Abl\u00e4ufe sichtbar machen und Digitalisierung vorbereiten<\/a><div class=\"wp-block-latest-posts__post-author\">von Benedikt Ebner<\/div><time datetime=\"2024-08-27T10:00:00+00:00\" class=\"wp-block-latest-posts__post-date\">August 27, 2024<\/time><div class=\"wp-block-latest-posts__post-excerpt\">Beide zusammen bilden das \u201eBetriebssystem des Unternehmens\u201c. Wer diese Str\u00f6me versteht, erkennt schnell Verschwendung und Schwachstellen, z.\u202fB.: So funktioniert die Wertstromanalyse Die Methode besteht aus zwei Schritten: 1. IST-Zustand analysieren\u2026\u00a0<a class=\"wp-block-latest-posts__read-more\" href=\"https:\/\/productionary.ai\/de\/2024\/08\/27\/wertstromanalyse-ablaufe-sichtbar-machen-und-digitalisierung-vorbereiten\/\" rel=\"noopener noreferrer\"><span class=\"screen-reader-text\">Wertstromanalyse \u2013 Abl\u00e4ufe sichtbar machen und Digitalisierung vorbereiten <\/span>weiterlesen<\/a><\/div><\/li>\n<li><div class=\"wp-block-latest-posts__featured-image\"><a href=\"https:\/\/productionary.ai\/de\/2024\/08\/13\/5-schritte-fur-einen-einfachen-einstieg-in-die-digitalisierung\/\" aria-label=\"5 Schritte f\u00fcr einen einfachen Einstieg in die Digitalisierung\"><img loading=\"lazy\" decoding=\"async\" width=\"400\" height=\"400\" src=\"https:\/\/productionary.ai\/wp-content\/uploads\/2024\/08\/featured_2.png\" class=\"attachment-large size-large wp-post-image\" alt=\"\" style=\"\" srcset=\"https:\/\/productionary.ai\/wp-content\/uploads\/2024\/08\/featured_2.png 400w, https:\/\/productionary.ai\/wp-content\/uploads\/2024\/08\/featured_2-300x300.png 300w, https:\/\/productionary.ai\/wp-content\/uploads\/2024\/08\/featured_2-150x150.png 150w, https:\/\/productionary.ai\/wp-content\/uploads\/2024\/08\/featured_2-12x12.png 12w\" sizes=\"auto, (max-width: 400px) 100vw, 400px\" \/><\/a><\/div><a class=\"wp-block-latest-posts__post-title\" href=\"https:\/\/productionary.ai\/de\/2024\/08\/13\/5-schritte-fur-einen-einfachen-einstieg-in-die-digitalisierung\/\">5 Schritte f\u00fcr einen einfachen Einstieg in die Digitalisierung<\/a><div class=\"wp-block-latest-posts__post-author\">von Benedikt Ebner<\/div><time datetime=\"2024-08-13T10:00:00+00:00\" class=\"wp-block-latest-posts__post-date\">August 13, 2024<\/time><div class=\"wp-block-latest-posts__post-excerpt\">In dieser Ausarbeitung zeige ich dir f\u00fcnf konkrete Schritte, mit denen der Einstieg in die Digitalisierung leichter f\u00e4llt. 1. Digitalisierung am Unternehmensziel ausrichten Bevor man mit der Digitalisierung startet, sollte\u2026\u00a0<a class=\"wp-block-latest-posts__read-more\" href=\"https:\/\/productionary.ai\/de\/2024\/08\/13\/5-schritte-fur-einen-einfachen-einstieg-in-die-digitalisierung\/\" rel=\"noopener noreferrer\"><span class=\"screen-reader-text\">5 Schritte f\u00fcr einen einfachen Einstieg in die Digitalisierung <\/span>weiterlesen<\/a><\/div><\/li>\n<li><div class=\"wp-block-latest-posts__featured-image\"><a href=\"https:\/\/productionary.ai\/de\/2024\/08\/08\/ist-die-klassische-software-pyramide-noch-der-richtige-einstieg-in-die-digitalisierung\/\" aria-label=\"Ist die klassische Software-Pyramide noch der richtige Einstieg in die Digitalisierung?\"><img loading=\"lazy\" decoding=\"async\" width=\"400\" height=\"400\" src=\"https:\/\/productionary.ai\/wp-content\/uploads\/2024\/08\/featured_1.png\" class=\"attachment-large size-large wp-post-image\" alt=\"\" style=\"\" srcset=\"https:\/\/productionary.ai\/wp-content\/uploads\/2024\/08\/featured_1.png 400w, https:\/\/productionary.ai\/wp-content\/uploads\/2024\/08\/featured_1-300x300.png 300w, https:\/\/productionary.ai\/wp-content\/uploads\/2024\/08\/featured_1-150x150.png 150w, https:\/\/productionary.ai\/wp-content\/uploads\/2024\/08\/featured_1-12x12.png 12w\" sizes=\"auto, (max-width: 400px) 100vw, 400px\" \/><\/a><\/div><a class=\"wp-block-latest-posts__post-title\" href=\"https:\/\/productionary.ai\/de\/2024\/08\/08\/ist-die-klassische-software-pyramide-noch-der-richtige-einstieg-in-die-digitalisierung\/\">Ist die klassische Software-Pyramide noch der richtige Einstieg in die Digitalisierung?<\/a><div class=\"wp-block-latest-posts__post-author\">von Benedikt Ebner<\/div><time datetime=\"2024-08-08T10:00:00+00:00\" class=\"wp-block-latest-posts__post-date\">August 8, 2024<\/time><div class=\"wp-block-latest-posts__post-excerpt\">In der Welt der Digitalisierung tauchen st\u00e4ndig neue Begriffe auf. Von IIoT, Industrie 4.0 und Big Data bis hin zu k\u00fcnstlicher Intelligenz (AI), Smart Factory und Manufacturing Operating Systems \u2013\u2026\u00a0<a class=\"wp-block-latest-posts__read-more\" href=\"https:\/\/productionary.ai\/de\/2024\/08\/08\/ist-die-klassische-software-pyramide-noch-der-richtige-einstieg-in-die-digitalisierung\/\" rel=\"noopener noreferrer\"><span class=\"screen-reader-text\">Ist die klassische Software-Pyramide noch der richtige Einstieg in die Digitalisierung? <\/span>weiterlesen<\/a><\/div><\/li>\n<\/ul>\n\n\n<p><\/p>\n\n\n\n<p><\/p>","protected":false},"excerpt":{"rendered":"<p>BLOG Articles \/ Whitepapers<\/p>","protected":false},"author":1,"featured_media":0,"parent":0,"menu_order":0,"comment_status":"closed","ping_status":"closed","template":"","meta":{"site-sidebar-layout":"default","site-content-layout":"","ast-site-content-layout":"","site-content-style":"default","site-sidebar-style":"default","ast-global-header-display":"","ast-banner-title-visibility":"","ast-main-header-display":"","ast-hfb-above-header-display":"","ast-hfb-below-header-display":"","ast-hfb-mobile-header-display":"","site-post-title":"disabled","ast-breadcrumbs-content":"","ast-featured-img":"","footer-sml-layout":"","theme-transparent-header-meta":"","adv-header-id-meta":"","stick-header-meta":"","header-above-stick-meta":"","header-main-stick-meta":"","header-below-stick-meta":"","astra-migrate-meta-layouts":"default","ast-page-background-enabled":"default","ast-page-background-meta":{"desktop":{"background-color":"var(--ast-global-color-4)","background-image":"","background-repeat":"repeat","background-position":"center center","background-size":"auto","background-attachment":"scroll","background-type":"","background-media":"","overlay-type":"","overlay-color":"","overlay-opacity":"","overlay-gradient":""},"tablet":{"background-color":"","background-image":"","background-repeat":"repeat","background-position":"center center","background-size":"auto","background-attachment":"scroll","background-type":"","background-media":"","overlay-type":"","overlay-color":"","overlay-opacity":"","overlay-gradient":""},"mobile":{"background-color":"","background-image":"","background-repeat":"repeat","background-position":"center center","background-size":"auto","background-attachment":"scroll","background-type":"","background-media":"","overlay-type":"","overlay-color":"","overlay-opacity":"","overlay-gradient":""}},"ast-content-background-meta":{"desktop":{"background-color":"var(--ast-global-color-5)","background-image":"","background-repeat":"repeat","background-position":"center center","background-size":"auto","background-attachment":"scroll","background-type":"","background-media":"","overlay-type":"","overlay-color":"","overlay-opacity":"","overlay-gradient":""},"tablet":{"background-color":"var(--ast-global-color-5)","background-image":"","background-repeat":"repeat","background-position":"center center","background-size":"auto","background-attachment":"scroll","background-type":"","background-media":"","overlay-type":"","overlay-color":"","overlay-opacity":"","overlay-gradient":""},"mobile":{"background-color":"var(--ast-global-color-5)","background-image":"","background-repeat":"repeat","background-position":"center center","background-size":"auto","background-attachment":"scroll","background-type":"","background-media":"","overlay-type":"","overlay-color":"","overlay-opacity":"","overlay-gradient":""}},"footnotes":""},"class_list":["post-624","page","type-page","status-publish","hentry"],"_links":{"self":[{"href":"https:\/\/productionary.ai\/de\/wp-json\/wp\/v2\/pages\/624","targetHints":{"allow":["GET"]}}],"collection":[{"href":"https:\/\/productionary.ai\/de\/wp-json\/wp\/v2\/pages"}],"about":[{"href":"https:\/\/productionary.ai\/de\/wp-json\/wp\/v2\/types\/page"}],"author":[{"embeddable":true,"href":"https:\/\/productionary.ai\/de\/wp-json\/wp\/v2\/users\/1"}],"replies":[{"embeddable":true,"href":"https:\/\/productionary.ai\/de\/wp-json\/wp\/v2\/comments?post=624"}],"version-history":[{"count":0,"href":"https:\/\/productionary.ai\/de\/wp-json\/wp\/v2\/pages\/624\/revisions"}],"wp:attachment":[{"href":"https:\/\/productionary.ai\/de\/wp-json\/wp\/v2\/media?parent=624"}],"curies":[{"name":"wp","href":"https:\/\/api.w.org\/{rel}","templated":true}]}}