{"id":7,"date":"2024-07-23T18:09:10","date_gmt":"2024-07-23T18:09:10","guid":{"rendered":"https:\/\/productionary.io\/?page_id=7"},"modified":"2025-09-05T08:51:54","modified_gmt":"2025-09-05T08:51:54","slug":"home","status":"publish","type":"page","link":"https:\/\/productionary.ai\/de\/","title":{"rendered":"Startseite"},"content":{"rendered":"<div class=\"wp-block-group is-layout-constrained wp-block-group-is-layout-constrained\" style=\"padding-top:var(--wp--preset--spacing--60);padding-bottom:var(--wp--preset--spacing--60)\"><\/div>\n\n\n\n<div id=\"reviews\" class=\"wp-block-group is-layout-constrained wp-container-core-group-is-layout-d4e6a552 wp-block-group-is-layout-constrained\" style=\"min-height:0px;margin-top:var(--wp--preset--spacing--40);margin-bottom:var(--wp--preset--spacing--40);padding-top:var(--wp--preset--spacing--50);padding-right:0;padding-bottom:var(--wp--preset--spacing--50);padding-left:0\">\n<div class=\"wp-block-columns is-layout-flex wp-container-core-columns-is-layout-28f84493 wp-block-columns-is-layout-flex\">\n<div class=\"wp-block-column is-layout-flow wp-block-column-is-layout-flow\">\n<div class=\"wp-block-group is-content-justification-left is-layout-constrained wp-container-core-group-is-layout-c1d07af3 wp-block-group-is-layout-constrained\" style=\"padding-top:var(--wp--preset--spacing--50);padding-bottom:var(--wp--preset--spacing--50)\">\n<h2 class=\"wp-block-heading has-large-font-size\">Wir machen Digitalisierung f\u00fcr die Produktion greifbar <br>und einfach umsetzbar.<\/h2>\n\n\n\n<p class=\"has-ast-global-color-8-color has-text-color has-link-color wp-elements-4dfaf5f5ee7883765fdb03cb4b7944fc\">Bei <strong>Productionary <\/strong>sind wir \u00fcberzeugt, dass die Kombination aus klarer Visualisierung und Echtzeit-Daten die Produktionsbereiche von morgen revolutionieren wird.<\/p>\n\n\n\n<div class=\"wp-block-buttons is-layout-flex wp-block-buttons-is-layout-flex\">\n<div class=\"wp-block-button\"><a class=\"wp-block-button__link has-ast-global-color-5-color has-text-color has-link-color wp-element-button\" href=\"https:\/\/productionary.ai\/de\/solution\/\">Zur L\u00f6sung<\/a><\/div>\n<\/div>\n<\/div>\n<\/div>\n\n\n\n<div class=\"wp-block-column is-layout-flow wp-block-column-is-layout-flow\" style=\"flex-basis:500px\">\n<figure class=\"wp-block-image alignfull size-full has-custom-border is-style-rounded wp-duotone-unset-2\"><img loading=\"lazy\" decoding=\"async\" width=\"686\" height=\"500\" src=\"https:\/\/productionary.ai\/wp-content\/uploads\/2024\/10\/starty.jpg\" alt=\"\" class=\"wp-image-62\" style=\"border-style:none;border-width:0px;border-radius:100px\" srcset=\"https:\/\/productionary.ai\/wp-content\/uploads\/2024\/10\/starty.jpg 686w, https:\/\/productionary.ai\/wp-content\/uploads\/2024\/10\/starty-300x219.jpg 300w\" sizes=\"auto, (max-width: 686px) 100vw, 686px\" \/><\/figure>\n<\/div>\n<\/div>\n<\/div>\n\n\n\n<h3 class=\"wp-block-heading\"><em>Intuitive Software, gemacht f\u00fcr die Herausforderungen in der Produktion.<\/em><\/h3>\n\n\n\n<p>Mit unserer innovativen Softwarel\u00f6sung bieten wir kleinen und mittleren Fertigungsunternehmen (KMUs) erstmals eine <mark style=\"background-color:rgba(0, 0, 0, 0)\" class=\"has-inline-color has-ast-global-color-7-color\">wirtschaftliche<\/mark> und <mark style=\"background-color:rgba(0, 0, 0, 0)\" class=\"has-inline-color has-ast-global-color-7-color\">leicht umsetzbare <\/mark>L\u00f6sung f\u00fcr die Produktion, die ein hohes Ma\u00df an Flexibilit\u00e4t, Transparenz und Bedienfreundlichkeit mit sich bringt. \nDies erm\u00f6glicht effizientere Arbeitsabl\u00e4ufe und klare Priorit\u00e4ten im Tagesgesch\u00e4ft \u2013 und f\u00fchrt letztlich zu niedrigeren Kosten und k\u00fcrzeren Durchlaufzeiten in der Produktion, ohne dass die bestehende Infrastruktur (Personal und Maschinen) erweitert werden muss.<\/p>\n\n\n\n<div id=\"reviews\" class=\"wp-block-group has-background is-layout-constrained wp-container-core-group-is-layout-c3964805 wp-block-group-is-layout-constrained\" style=\"background:linear-gradient(332deg,rgb(203,55,208) 0%,rgb(118,80,224) 45%,rgb(0,204,255) 100%);min-height:0px;margin-top:var(--wp--preset--spacing--60);margin-bottom:var(--wp--preset--spacing--60);padding-top:var(--wp--preset--spacing--50);padding-right:var(--wp--preset--spacing--80);padding-bottom:var(--wp--preset--spacing--50);padding-left:var(--wp--preset--spacing--80)\">\n<h2 class=\"wp-block-heading has-text-align-center has-ast-global-color-5-color has-text-color has-link-color has-large-font-size wp-elements-1af9fee80d5730cae473ed8ac15c80c2\">Wir helfen durch:<\/h2>\n\n\n\n<div class=\"wp-block-columns is-layout-flex wp-container-core-columns-is-layout-9fbbbd0a wp-block-columns-is-layout-flex\" style=\"margin-top:var(--wp--preset--spacing--50);margin-bottom:var(--wp--preset--spacing--50);padding-top:0;padding-right:0;padding-bottom:0;padding-left:0\">\n<div class=\"wp-block-column is-layout-flow wp-block-column-is-layout-flow\">\n<figure class=\"wp-block-image aligncenter size-full is-resized\"><img loading=\"lazy\" decoding=\"async\" width=\"400\" height=\"400\" src=\"https:\/\/productionary.ai\/wp-content\/uploads\/2024\/10\/expect_1-1.png\" alt=\"\" class=\"wp-image-308\" style=\"object-fit:cover;width:150px;height:150px\" srcset=\"https:\/\/productionary.ai\/wp-content\/uploads\/2024\/10\/expect_1-1.png 400w, https:\/\/productionary.ai\/wp-content\/uploads\/2024\/10\/expect_1-1-300x300.png 300w, https:\/\/productionary.ai\/wp-content\/uploads\/2024\/10\/expect_1-1-150x150.png 150w\" sizes=\"auto, (max-width: 400px) 100vw, 400px\" \/><\/figure>\n\n\n\n<p class=\"has-text-align-center has-ast-global-color-5-color has-text-color has-link-color wp-elements-27675bae3c8caa3b6dda75835f26163f\">Daten und Informationen in Echtzeit<\/p>\n<\/div>\n\n\n\n<div class=\"wp-block-column is-layout-flow wp-block-column-is-layout-flow\">\n<figure class=\"wp-block-image aligncenter size-full is-resized\"><img loading=\"lazy\" decoding=\"async\" width=\"400\" height=\"400\" src=\"https:\/\/productionary.ai\/wp-content\/uploads\/2024\/10\/expect_2.png\" alt=\"\" class=\"wp-image-68\" style=\"object-fit:cover;width:150px;height:150px\" srcset=\"https:\/\/productionary.ai\/wp-content\/uploads\/2024\/10\/expect_2.png 400w, https:\/\/productionary.ai\/wp-content\/uploads\/2024\/10\/expect_2-300x300.png 300w, https:\/\/productionary.ai\/wp-content\/uploads\/2024\/10\/expect_2-150x150.png 150w\" sizes=\"auto, (max-width: 400px) 100vw, 400px\" \/><\/figure>\n\n\n\n<p class=\"has-text-align-center has-ast-global-color-5-color has-text-color has-link-color wp-elements-c06a52b1cc7cf8d3ae4f7b12af7a2a58\">Transparenz f\u00fcr alle Beteiligten<\/p>\n<\/div>\n\n\n\n<div class=\"wp-block-column is-layout-flow wp-block-column-is-layout-flow\">\n<figure class=\"wp-block-image aligncenter size-full is-resized\"><img loading=\"lazy\" decoding=\"async\" width=\"400\" height=\"400\" src=\"https:\/\/productionary.ai\/wp-content\/uploads\/2024\/10\/expect_3-5.png\" alt=\"\" class=\"wp-image-112\" style=\"object-fit:cover;width:150px;height:150px\" srcset=\"https:\/\/productionary.ai\/wp-content\/uploads\/2024\/10\/expect_3-5.png 400w, https:\/\/productionary.ai\/wp-content\/uploads\/2024\/10\/expect_3-5-300x300.png 300w, https:\/\/productionary.ai\/wp-content\/uploads\/2024\/10\/expect_3-5-150x150.png 150w\" sizes=\"auto, (max-width: 400px) 100vw, 400px\" \/><\/figure>\n\n\n\n<p class=\"has-text-align-center has-ast-global-color-5-color has-text-color has-link-color wp-elements-7463aa86028ab627f7cbaf5ca82432fa\">Hohe Benutzerfreundlichkeit<\/p>\n<\/div>\n\n\n\n<div class=\"wp-block-column is-layout-flow wp-block-column-is-layout-flow\">\n<figure class=\"wp-block-image aligncenter size-full is-resized\"><img loading=\"lazy\" decoding=\"async\" width=\"400\" height=\"400\" src=\"https:\/\/productionary.ai\/wp-content\/uploads\/2024\/10\/expect_4-1.png\" alt=\"\" class=\"wp-image-113\" style=\"object-fit:cover;width:150px;height:150px\" srcset=\"https:\/\/productionary.ai\/wp-content\/uploads\/2024\/10\/expect_4-1.png 400w, https:\/\/productionary.ai\/wp-content\/uploads\/2024\/10\/expect_4-1-300x300.png 300w, https:\/\/productionary.ai\/wp-content\/uploads\/2024\/10\/expect_4-1-150x150.png 150w\" sizes=\"auto, (max-width: 400px) 100vw, 400px\" \/><\/figure>\n\n\n\n<p class=\"has-text-align-center has-ast-global-color-5-color has-text-color has-link-color wp-elements-97b60addfe6e026e5f144017e08e0edb\">Einen einfachen Einstieg<\/p>\n<\/div>\n<\/div>\n<\/div>\n\n\n\n<p>Von uns bekommen Sie das ideale Werkzeug, <mark style=\"background-color:rgba(0, 0, 0, 0)\" class=\"has-inline-color has-ast-global-color-7-color\">um Ihre Abl\u00e4ufe in der Fertigung zu planen und zu steuern.<\/mark> Gleichzeitig sammeln Sie auf einfache Weise wichtige Daten, mit denen Sie Echtzeit-Einblicke in Ihre Produktion bekommen, Probleme besser verstehen und mithilfe von KI (K\u00fcnstliche Intelligenz) L\u00f6sungen erarbeiten und daraus lernen.<\/p>\n\n\n\n<div class=\"wp-block-group is-layout-constrained wp-container-core-group-is-layout-e8b5d9ff wp-block-group-is-layout-constrained\" style=\"margin-top:0;margin-bottom:0;padding-top:var(--wp--preset--spacing--60);padding-right:0;padding-bottom:var(--wp--preset--spacing--60);padding-left:0\">\n<div class=\"wp-block-columns is-layout-flex wp-container-core-columns-is-layout-28f84493 wp-block-columns-is-layout-flex\">\n<div class=\"wp-block-column is-layout-flow wp-block-column-is-layout-flow\">\n<figure class=\"wp-block-image size-full has-custom-border\"><img loading=\"lazy\" decoding=\"async\" width=\"686\" height=\"500\" src=\"https:\/\/productionary.ai\/wp-content\/uploads\/2024\/10\/shopfloor.jpg\" alt=\"\" class=\"wp-image-82\" style=\"border-radius:100px\" srcset=\"https:\/\/productionary.ai\/wp-content\/uploads\/2024\/10\/shopfloor.jpg 686w, https:\/\/productionary.ai\/wp-content\/uploads\/2024\/10\/shopfloor-300x219.jpg 300w\" sizes=\"auto, (max-width: 686px) 100vw, 686px\" \/><\/figure>\n<\/div>\n\n\n\n<div class=\"wp-block-column is-layout-flow wp-block-column-is-layout-flow\" style=\"padding-right:var(--wp--preset--spacing--60);padding-left:var(--wp--preset--spacing--60)\">\n<h2 class=\"wp-block-heading has-text-align-left has-large-font-size\" style=\"margin-top:var(--wp--preset--spacing--70);margin-right:0;margin-bottom:var(--wp--preset--spacing--70);margin-left:0\"><mark style=\"background-color:rgba(0, 0, 0, 0)\" class=\"has-inline-color has-ast-global-color-7-color\">Benutzerfreundliche <\/mark>und <mark style=\"background-color:rgba(0, 0, 0, 0)\" class=\"has-inline-color has-ast-global-color-7-color\">intelligente<\/mark> Software f\u00fcr eine digitale Transparenz und Steuerung am Shopfloor.<\/h2>\n\n\n\n<div class=\"wp-block-buttons is-layout-flex wp-block-buttons-is-layout-flex\">\n<div class=\"wp-block-button\"><a class=\"wp-block-button__link has-ast-global-color-5-color has-text-color has-link-color wp-element-button\" href=\"https:\/\/productionary.ai\/de\/solution\/\">Mehr erfahren<\/a><\/div>\n<\/div>\n<\/div>\n<\/div>\n<\/div>\n\n\n\n<p><\/p>\n\n\n\n<h3 class=\"wp-block-heading has-text-align-center\">Sponsoren \/ Partner<\/h3>\n\n\n\n<div class=\"wp-block-group is-horizontal is-content-justification-center is-layout-flex wp-container-core-group-is-layout-8aab3b9f wp-block-group-is-layout-flex\" style=\"margin-top:0;margin-bottom:0;padding-top:var(--wp--preset--spacing--50);padding-right:0;padding-bottom:var(--wp--preset--spacing--50);padding-left:0\">\n<figure class=\"wp-block-image size-full is-resized\"><img loading=\"lazy\" decoding=\"async\" width=\"700\" height=\"120\" src=\"https:\/\/productionary.ai\/wp-content\/uploads\/2025\/07\/esa_bic.png\" alt=\"\" class=\"wp-image-636\" style=\"width:417px;height:auto\" srcset=\"https:\/\/productionary.ai\/wp-content\/uploads\/2025\/07\/esa_bic.png 700w, https:\/\/productionary.ai\/wp-content\/uploads\/2025\/07\/esa_bic-300x51.png 300w, https:\/\/productionary.ai\/wp-content\/uploads\/2025\/07\/esa_bic-18x3.png 18w\" sizes=\"auto, (max-width: 700px) 100vw, 700px\" \/><\/figure>\n\n\n\n<figure class=\"wp-block-image size-full is-resized\"><img loading=\"lazy\" decoding=\"async\" width=\"326\" height=\"120\" src=\"https:\/\/productionary.ai\/wp-content\/uploads\/2025\/09\/push.png\" alt=\"\" class=\"wp-image-782\" style=\"width:204px;height:auto\" srcset=\"https:\/\/productionary.ai\/wp-content\/uploads\/2025\/09\/push.png 326w, https:\/\/productionary.ai\/wp-content\/uploads\/2025\/09\/push-300x110.png 300w, https:\/\/productionary.ai\/wp-content\/uploads\/2025\/09\/push-18x7.png 18w\" sizes=\"auto, (max-width: 326px) 100vw, 326px\" \/><\/figure>\n\n\n\n<figure class=\"wp-block-image size-large is-resized\"><img loading=\"lazy\" decoding=\"async\" width=\"1024\" height=\"444\" src=\"https:\/\/productionary.ai\/wp-content\/uploads\/2025\/07\/S4G-logo-png-RGB-1024x444.png\" alt=\"\" class=\"wp-image-647\" style=\"width:164px;height:auto\" srcset=\"https:\/\/productionary.ai\/wp-content\/uploads\/2025\/07\/S4G-logo-png-RGB-1024x444.png 1024w, https:\/\/productionary.ai\/wp-content\/uploads\/2025\/07\/S4G-logo-png-RGB-300x130.png 300w, https:\/\/productionary.ai\/wp-content\/uploads\/2025\/07\/S4G-logo-png-RGB-768x333.png 768w, https:\/\/productionary.ai\/wp-content\/uploads\/2025\/07\/S4G-logo-png-RGB-1536x665.png 1536w, https:\/\/productionary.ai\/wp-content\/uploads\/2025\/07\/S4G-logo-png-RGB-18x8.png 18w, https:\/\/productionary.ai\/wp-content\/uploads\/2025\/07\/S4G-logo-png-RGB.png 1600w\" sizes=\"auto, (max-width: 1024px) 100vw, 1024px\" \/><\/figure>\n\n\n\n<figure class=\"wp-block-image size-full is-resized\" style=\"margin-right:0;margin-left:0\"><img loading=\"lazy\" decoding=\"async\" width=\"1030\" height=\"120\" src=\"https:\/\/productionary.ai\/wp-content\/uploads\/2025\/07\/hessenmetall.png\" alt=\"\" class=\"wp-image-634\" style=\"width:380px;height:auto\" srcset=\"https:\/\/productionary.ai\/wp-content\/uploads\/2025\/07\/hessenmetall.png 1030w, https:\/\/productionary.ai\/wp-content\/uploads\/2025\/07\/hessenmetall-300x35.png 300w, https:\/\/productionary.ai\/wp-content\/uploads\/2025\/07\/hessenmetall-1024x119.png 1024w, https:\/\/productionary.ai\/wp-content\/uploads\/2025\/07\/hessenmetall-768x89.png 768w, https:\/\/productionary.ai\/wp-content\/uploads\/2025\/07\/hessenmetall-18x2.png 18w\" sizes=\"auto, (max-width: 1030px) 100vw, 1030px\" \/><\/figure>\n\n\n\n<figure class=\"wp-block-image size-full is-resized\"><img loading=\"lazy\" decoding=\"async\" width=\"842\" height=\"595\" src=\"https:\/\/productionary.ai\/wp-content\/uploads\/2025\/09\/INVEST_Logo_URL_rote_URL_RZ.png\" alt=\"\" class=\"wp-image-789\" style=\"width:108px;height:auto\" srcset=\"https:\/\/productionary.ai\/wp-content\/uploads\/2025\/09\/INVEST_Logo_URL_rote_URL_RZ.png 842w, https:\/\/productionary.ai\/wp-content\/uploads\/2025\/09\/INVEST_Logo_URL_rote_URL_RZ-300x212.png 300w, https:\/\/productionary.ai\/wp-content\/uploads\/2025\/09\/INVEST_Logo_URL_rote_URL_RZ-768x543.png 768w, https:\/\/productionary.ai\/wp-content\/uploads\/2025\/09\/INVEST_Logo_URL_rote_URL_RZ-18x12.png 18w\" sizes=\"auto, (max-width: 842px) 100vw, 842px\" \/><\/figure>\n\n\n\n<figure class=\"wp-block-image size-full is-resized\"><img loading=\"lazy\" decoding=\"async\" width=\"241\" height=\"120\" src=\"https:\/\/productionary.ai\/wp-content\/uploads\/2025\/07\/ms.png\" alt=\"\" class=\"wp-image-635\" style=\"width:150px;height:auto\" srcset=\"https:\/\/productionary.ai\/wp-content\/uploads\/2025\/07\/ms.png 241w, https:\/\/productionary.ai\/wp-content\/uploads\/2025\/07\/ms-18x9.png 18w\" sizes=\"auto, (max-width: 241px) 100vw, 241px\" \/><\/figure>\n<\/div>\n\n\n\n<p><\/p>","protected":false},"excerpt":{"rendered":"<p>We democratize shop floor digitization. At Productionary we believe that the power of visualization combined with real-time data will transform [&hellip;]<\/p>","protected":false},"author":1,"featured_media":0,"parent":0,"menu_order":0,"comment_status":"closed","ping_status":"closed","template":"","meta":{"site-sidebar-layout":"no-sidebar","site-content-layout":"plain-container","ast-site-content-layout":"","site-content-style":"default","site-sidebar-style":"default","ast-global-header-display":"","ast-banner-title-visibility":"","ast-main-header-display":"","ast-hfb-above-header-display":"","ast-hfb-below-header-display":"","ast-hfb-mobile-header-display":"","site-post-title":"disabled","ast-breadcrumbs-content":"","ast-featured-img":"","footer-sml-layout":"","theme-transparent-header-meta":"enabled","adv-header-id-meta":"","stick-header-meta":"","header-above-stick-meta":"","header-main-stick-meta":"","header-below-stick-meta":"","astra-migrate-meta-layouts":"default","ast-page-background-enabled":"default","ast-page-background-meta":{"desktop":{"background-color":"var(--ast-global-color-4)","background-image":"","background-repeat":"repeat","background-position":"center center","background-size":"auto","background-attachment":"scroll","background-type":"","background-media":"","overlay-type":"","overlay-color":"","overlay-opacity":"","overlay-gradient":""},"tablet":{"background-color":"","background-image":"","background-repeat":"repeat","background-position":"center center","background-size":"auto","background-attachment":"scroll","background-type":"","background-media":"","overlay-type":"","overlay-color":"","overlay-opacity":"","overlay-gradient":""},"mobile":{"background-color":"","background-image":"","background-repeat":"repeat","background-position":"center center","background-size":"auto","background-attachment":"scroll","background-type":"","background-media":"","overlay-type":"","overlay-color":"","overlay-opacity":"","overlay-gradient":""}},"ast-content-background-meta":{"desktop":{"background-color":"var(--ast-global-color-5)","background-image":"","background-repeat":"repeat","background-position":"center center","background-size":"auto","background-attachment":"scroll","background-type":"","background-media":"","overlay-type":"","overlay-color":"","overlay-opacity":"","overlay-gradient":""},"tablet":{"background-color":"var(--ast-global-color-5)","background-image":"","background-repeat":"repeat","background-position":"center center","background-size":"auto","background-attachment":"scroll","background-type":"","background-media":"","overlay-type":"","overlay-color":"","overlay-opacity":"","overlay-gradient":""},"mobile":{"background-color":"var(--ast-global-color-5)","background-image":"","background-repeat":"repeat","background-position":"center center","background-size":"auto","background-attachment":"scroll","background-type":"","background-media":"","overlay-type":"","overlay-color":"","overlay-opacity":"","overlay-gradient":""}},"footnotes":""},"class_list":["post-7","page","type-page","status-publish","hentry"],"_links":{"self":[{"href":"https:\/\/productionary.ai\/de\/wp-json\/wp\/v2\/pages\/7","targetHints":{"allow":["GET"]}}],"collection":[{"href":"https:\/\/productionary.ai\/de\/wp-json\/wp\/v2\/pages"}],"about":[{"href":"https:\/\/productionary.ai\/de\/wp-json\/wp\/v2\/types\/page"}],"author":[{"embeddable":true,"href":"https:\/\/productionary.ai\/de\/wp-json\/wp\/v2\/users\/1"}],"replies":[{"embeddable":true,"href":"https:\/\/productionary.ai\/de\/wp-json\/wp\/v2\/comments?post=7"}],"version-history":[{"count":0,"href":"https:\/\/productionary.ai\/de\/wp-json\/wp\/v2\/pages\/7\/revisions"}],"wp:attachment":[{"href":"https:\/\/productionary.ai\/de\/wp-json\/wp\/v2\/media?parent=7"}],"curies":[{"name":"wp","href":"https:\/\/api.w.org\/{rel}","templated":true}]}}